{"id":3966,"date":"2020-07-31T14:18:14","date_gmt":"2020-07-31T14:18:14","guid":{"rendered":"http:\/\/www.sevim.av.tr\/?page_id=3966"},"modified":"2020-07-31T14:21:16","modified_gmt":"2020-07-31T14:21:16","slug":"cerez-politikasi","status":"publish","type":"page","link":"http:\/\/www.sevim.av.tr\/en\/cerez-politikasi\/","title":{"rendered":"Cookie Policy"},"content":{"rendered":"<p><section id=\"bt_bb_section69ea0c88120e6\" class=\"bt_bb_section bt_bb_color_scheme_1 bt_bb_layout_boxed_1200 bt_bb_vertical_align_top bt_bb_top_spacing_large bt_bb_bottom_spacing_large\" style=\"; --section-primary-color:#ffffff; --section-secondary-color:#191919;\" data-bt-override-class=\"null\"><div class=\"bt_bb_port\"><div class=\"bt_bb_cell\"><div class=\"bt_bb_cell_inner\"><div class=\"bt_bb_row\"  data-bt-override-class=\"{}\"><div class=\"bt_bb_row_holder\" ><div  class=\"bt_bb_column col-xl-2 bt_bb_align_left bt_bb_padding_normal\"  data-width=\"2\" data-bt-override-class=\"{}\"><div class=\"bt_bb_column_content bt_bb_vertical_align_top bt_bb_color_scheme_\"><div class=\"bt_bb_column_content_inner\"><\/div><\/div><\/div><div  class=\"bt_bb_column col-xl-8 bt_bb_align_center bt_bb_padding_normal\"  data-width=\"8\" data-bt-override-class=\"{}\"><div class=\"bt_bb_column_content bt_bb_vertical_align_top bt_bb_color_scheme_\"><div class=\"bt_bb_column_content_inner\"><div class=\"bt_bb_separator bt_bb_border_style_none bt_bb_bottom_spacing_large\" data-bt-override-class=\"null\"><\/div><header class=\"bt_bb_headline bt_bb_color_scheme_6 bt_bb_dash_top bt_bb_size_large bt_bb_align_inherit\" style=\"; --primary-color:#ffffff; --secondary-color:#bf0301;\" data-bt-override-class=\"{}\"><h3 class=\"bt_bb_headline_tag\"><span class=\"bt_bb_headline_content\"><span>\u00c7erez <strong>Politikas\u0131<\/strong><\/span><\/span><\/h3><\/header><div class=\"bt_bb_separator bt_bb_border_style_none bt_bb_bottom_spacing_normal\" data-bt-override-class=\"null\"><\/div><\/div><\/div><\/div><div  class=\"bt_bb_column col-xl-2 bt_bb_align_left bt_bb_padding_normal\"  data-width=\"2\" data-bt-override-class=\"{}\"><div class=\"bt_bb_column_content bt_bb_vertical_align_top bt_bb_color_scheme_\"><div class=\"bt_bb_column_content_inner\"><\/div><\/div><\/div><\/div><\/div><\/div><!-- cell_inner --><\/div><!-- cell --><\/div><!-- port --><\/section><section id=\"bt_bb_section69ea0c88126a4\" class=\"bt_bb_section bt_bb_layout_boxed_1200\"  data-bt-override-class=\"null\"><div class=\"bt_bb_port\"><div class=\"bt_bb_cell\"><div class=\"bt_bb_cell_inner\"><div class=\"bt_bb_row\"  data-bt-override-class=\"{}\"><div class=\"bt_bb_row_holder\" ><div  class=\"bt_bb_column col-xl-12 bt_bb_align_left bt_bb_padding_normal\"  data-width=\"12\" data-bt-override-class=\"{}\"><div class=\"bt_bb_column_content bt_bb_vertical_align_top bt_bb_color_scheme_\"><div class=\"bt_bb_column_content_inner\"><div class=\"bt_bb_separator bt_bb_border_style_none bt_bb_top_spacing_25\" data-bt-override-class=\"null\"><\/div><\/div><\/div><\/div><\/div><\/div><div class=\"bt_bb_row\"  data-bt-override-class=\"{}\"><div class=\"bt_bb_row_holder\" ><div  class=\"bt_bb_column col-xl-3 bt_bb_align_left bt_bb_padding_normal\"  data-width=\"3\" data-bt-override-class=\"{}\"><div class=\"bt_bb_column_content bt_bb_vertical_align_top bt_bb_color_scheme_\"><div class=\"bt_bb_column_content_inner\"><\/div><\/div><\/div><div  class=\"bt_bb_column col-xl-6 bt_bb_align_left bt_bb_padding_normal\"  data-width=\"6\" data-bt-override-class=\"{}\"><div class=\"bt_bb_column_content bt_bb_vertical_align_top bt_bb_color_scheme_\"><div class=\"bt_bb_column_content_inner\"><div  class=\"bt_bb_text\" ><\/p>\n<p style=\"color: #bf0301;\"><strong>\u00c7EREZ POL\u0130T\u0130KASI<\/strong><\/p>\n<p class=\"p2\">\u00c7erez Politikam\u0131z, Gizlilik Politikam\u0131z\u0131n bir par\u00e7as\u0131n\u0131 olu\u015fturur.<\/p>\n<p style=\"color: #bf0301;\"><strong>\u00c7erez (Cookie) Nedir?<\/strong><\/p>\n<p class=\"p4\">G\u00fcn\u00fcm\u00fczde neredeyse her web sitesi \u00e7erez kullanmaktad\u0131r. Size daha iyi, h\u0131zl\u0131 ve g\u00fcvenli bir deneyim sa\u011flamak i\u00e7in, \u00e7o\u011fu internet sitesi gibi biz de \u00e7erezler kullan\u0131yoruz. \u00c7erez, bir web sitesini ziyaret etti\u011finizde cihaz\u0131n\u0131za (\u00f6rne\u011fin; bilgisayar veya cep telefonu) depolanan k\u00fc\u00e7\u00fck bir metin dosyas\u0131d\u0131r. \u00c7erezler, bir web sitesini ilk ziyaretiniz s\u0131ras\u0131nda taray\u0131c\u0131n\u0131z arac\u0131l\u0131\u011f\u0131yla cihaz\u0131n\u0131za depolanabilirler. Ayn\u0131 siteyi ayn\u0131 cihazla tekrar ziyaret etti\u011finizde taray\u0131c\u0131n\u0131z cihaz\u0131n\u0131zda site ad\u0131na kay\u0131tl\u0131 bir \u00e7erez olup olmad\u0131\u011f\u0131n\u0131 kontrol eder. E\u011fer kay\u0131t var ise, kayd\u0131n i\u00e7indeki veriyi ziyaret etmekte oldu\u011funuz web sitesine iletir. Bu sayede web sitesi, sizin siteyi daha \u00f6nce ziyaret etti\u011finizi anlar ve size iletilecek i\u00e7eri\u011fi de ona g\u00f6re tayin eder.<\/p>\n<p style=\"color: #bf0301;\"><strong>\u00c7erezler Neden Kullan\u0131l\u0131r?<\/strong><\/p>\n<p class=\"p4\">Baz\u0131 \u00e7erezler, daha \u00f6nceki ziyaretlerinizde kulland\u0131\u011f\u0131n\u0131z tercihlerin web sitesi taraf\u0131ndan hat\u0131rlanmas\u0131n\u0131 sa\u011flayarak, sonraki ziyaretlerinizin \u00e7ok daha kullan\u0131c\u0131 dostu ve ki\u015fiselle\u015ftirilmi\u015f bir deneyim sunmas\u0131n\u0131 sa\u011flar.<\/p>\n<p class=\"p4\">Ayr\u0131ca, web sitesinde bulunan \u00fc\u00e7\u00fcnc\u00fc taraflara ait linkler, bu \u00fc\u00e7\u00fcnc\u00fc taraflara ait gizlilik politikalar\u0131na tabi olmakla birlikte, gizlilik uygulamalar\u0131na ait sorumluluk sevim.biz web sitesine ait olmamaktad\u0131r ve bu ba\u011flamda ilgili link kapsam\u0131ndaki site ziyaret edildi\u011finde siteye ait gizlilik politikas\u0131n\u0131n okunmas\u0131 \u00f6nerilmektedir.<\/p>\n<p style=\"color: #bf0301;\"><strong>\u00c7erez T\u00fcrleri<\/strong><\/p>\n<p class=\"p4\">Ana kullan\u0131m amac\u0131 kullan\u0131c\u0131lara kolayl\u0131k sa\u011flamak olan \u00e7erezler, saklanma s\u00fcresine, amac\u0131na ve kayna\u011f\u0131na g\u00f6re \u00e7e\u015fitli gruplara ayr\u0131lmaktad\u0131r. Buna g\u00f6re;<\/p>\n<ul class=\"ul1\">\n<li class=\"li5\"><span class=\"s2\"><b>Oturum \u00c7erezleri:<\/b>\u00a0Internet sayfalar\u0131 aras\u0131nda bilgi ta\u015f\u0131nmas\u0131 ve kullan\u0131c\u0131 taraf\u0131ndan girilen bilgilerin sistemsel olarak hat\u0131rlanmas\u0131 gibi \u00e7e\u015fitli \u00f6zelliklerden faydalanmaya olanak sa\u011flayan \u00e7erezlerdir ve internet sitesine ait fonksiyonlar\u0131n d\u00fczg\u00fcn bir \u015fekilde i\u015fleyebilmesi i\u00e7in gereklidir.<\/span><\/li>\n<li class=\"li5\"><span class=\"s2\"><b>Performans \u00c7erezleri:<\/b>\u00a0Sayfalar\u0131n ziyaret edilme frekans\u0131, olas\u0131 hata iletileri, kullan\u0131c\u0131lar\u0131n ilgili sayfada harcad\u0131klar\u0131 toplam zaman ile birlikte siteyi kullan\u0131m desenleri konular\u0131nda bilgi toplayan \u00e7erezlerdir ve internet sitesinin performans\u0131n\u0131 artt\u0131rma amac\u0131yla kullan\u0131lmaktad\u0131r.<\/span><\/li>\n<li class=\"li5\"><span class=\"s2\"><b>Fonksiyonel \u00c7erezler:<\/b>\u00a0Kullan\u0131c\u0131ya kolayl\u0131k sa\u011flanmas\u0131 amac\u0131yla \u00f6nceden se\u00e7ili olan se\u00e7eneklerin hat\u0131rlat\u0131lmas\u0131n\u0131 sa\u011flayan \u00e7erezlerdir ve internet sitesi kapsam\u0131nda kullan\u0131c\u0131lara geli\u015fmi\u015f Internet \u00f6zellikleri sa\u011flanmas\u0131n\u0131 hedeflemektedir.<\/span><\/li>\n<li class=\"li5\"><span class=\"s2\"><b>Reklam Ve \u00dc\u00e7\u00fcnc\u00fc Taraf \u00c7erezleri:<\/b>\u00a0\u00dc\u00e7\u00fcnc\u00fc parti tedarik\u00e7ilere ait \u00e7erezlerdir ve internet sitesindeki baz\u0131 fonksiyonlar\u0131n kullan\u0131m\u0131na ve reklam takibinin yap\u0131lmas\u0131na olanak sa\u011flamaktad\u0131r.<\/span><\/li>\n<\/ul>\n<p class=\"p2\">Sevim.biz internet sitesinin d\u00fczg\u00fcn \u015fekilde \u00e7al\u0131\u015fabilmesi i\u00e7in zorunlu \u00e7erezler ile birlikte tercihlerinizin hat\u0131rlanmas\u0131 i\u00e7in ve gezinme deneyiminizi geli\u015ftirmemize yarayan i\u015flevsel \u00e7erezler ve hangi sayfalar\u0131m\u0131z\u0131n daha fazla ilgi \u00e7ekti\u011fini, hangi kaynaklar\u0131n daha \u00e7ok g\u00f6r\u00fcnt\u00fclendi\u011fini g\u00f6rmemize yarayan, sitelerimizdeki trafi\u011fi g\u00f6rerek bu trafi\u011fe uygun hizmet sa\u011flamam\u0131z\u0131 sa\u011flayan analitik \u00e7erezler kullan\u0131lmaktad\u0131r. Bu nitelikte \u00e7erezler de anonimdir.<\/p>\n<p class=\"p2\">Sitelerimizin kulland\u0131\u011f\u0131 zorunlu ve birinci parti olanlar haricinde kullan\u0131lan \u00e7erezler \u015funlard\u0131r:<\/p>\n<p class=\"p2\">Google Analytics kullan\u0131c\u0131lar\u0131n internet sitesini nas\u0131l kulland\u0131\u011f\u0131n\u0131 analiz eden bir web analiz arac\u0131d\u0131r. Anonim olan bilgilerin yan\u0131 s\u0131ra internet sitesini kullanman\u0131zla ilgili ki\u015fisel veri niteli\u011findeki bilgiler (\u0130sim, adres, e-mail adresi, IP adresi) taray\u0131c\u0131n\u0131z taraf\u0131ndan Google\u2019a g\u00f6nderilir ve Google taraf\u0131ndan i\u015flenir.<\/p>\n<p class=\"p2\">New Relic adl\u0131 \u00e7erez de yine internet sitesi \u00fczerinde derinlemesine bir kullan\u0131c\u0131 analizi yapmay\u0131 sa\u011flayan bir \u00e7erezdir. Anonim olan bilgilerin yan\u0131 s\u0131ra internet sitesini kullanman\u0131zla ilgili ki\u015fisel veri niteli\u011finde bilgiler (\u0130sim, adres, e-mail adresi) taray\u0131c\u0131n\u0131z taraf\u0131ndan New Relic\u2019e g\u00f6nderilir ve New Relic taraf\u0131ndan i\u015flenir.<\/p>\n<p class=\"p2\">\u00c7o\u011fu taray\u0131c\u0131 \u00e7erezleri otomatik olarak kabul eder fakat isterseniz \u00e7erezleri taray\u0131c\u0131n\u0131z\u0131n ayarlar\u0131n\u0131 de\u011fi\u015ftirerek reddedebilirsiniz. \u00c7erezleri reddetti\u011finiz takdirde sitelerimizdeki baz\u0131 \u00f6zelliklerin ve hizmetlerin d\u00fczg\u00fcn \u00e7al\u0131\u015famayabilece\u011fini, sitelerimizin ki\u015fiselle\u015ftirilemeyebilece\u011fini ve sizin deneyiminize g\u00f6re \u00f6zelle\u015ftirilemeyece\u011fini l\u00fctfen unutmay\u0131n\u0131z.<\/p>\n<p class=\"p2\">Taray\u0131c\u0131 \u00fcreticileri, kendi \u00fcr\u00fcnlerinde \u00e7erezlerin y\u00f6netimi ile ilgili yard\u0131m sayfalar\u0131 sunmaktad\u0131r. \u00c7erez kullan\u0131m se\u00e7iminin de\u011fi\u015ftirilmesine ait y\u00f6ntem, taray\u0131c\u0131 tipine ba\u011fl\u0131 olarak de\u011fi\u015fmekte olup, ilgili hizmet sa\u011flay\u0131c\u0131dan dilendi\u011fi zaman \u00f6\u011frenilebilmektedir.<\/p>\n<p>\n<\/div><\/div><\/div><\/div><div  class=\"bt_bb_column col-xl-3 bt_bb_align_left bt_bb_padding_normal\"  data-width=\"3\" data-bt-override-class=\"{}\"><div class=\"bt_bb_column_content bt_bb_vertical_align_top bt_bb_color_scheme_\"><div class=\"bt_bb_column_content_inner\"><\/div><\/div><\/div><\/div><\/div><div class=\"bt_bb_row\"  data-bt-override-class=\"{}\"><div class=\"bt_bb_row_holder\" ><div  class=\"bt_bb_column col-xl-12 bt_bb_align_left bt_bb_padding_normal\"  data-width=\"12\" data-bt-override-class=\"{}\"><div class=\"bt_bb_column_content bt_bb_vertical_align_top bt_bb_color_scheme_\"><div class=\"bt_bb_column_content_inner\"><div class=\"bt_bb_separator bt_bb_border_style_none bt_bb_bottom_spacing_medium\" data-bt-override-class=\"null\"><\/div><\/div><\/div><\/div><\/div><\/div><\/div><!-- cell_inner --><\/div><!-- cell --><\/div><!-- port --><\/section><\/p>","protected":false},"excerpt":{"rendered":"","protected":false},"author":1,"featured_media":0,"parent":0,"menu_order":0,"comment_status":"closed","ping_status":"closed","template":"","meta":{"footnotes":""},"class_list":["post-3966","page","type-page","status-publish","hentry"],"yoast_head":"<!-- This site is optimized with the Yoast SEO plugin v27.2 - https:\/\/yoast.com\/product\/yoast-seo-wordpress\/ -->\n<title>\u00c7erez Politikas\u0131 - Sevim Hukuk B\u00fcrosu<\/title>\n<meta name=\"robots\" content=\"index, follow, max-snippet:-1, max-image-preview:large, max-video-preview:-1\" \/>\n<link rel=\"canonical\" href=\"https:\/\/www.sevim.av.tr\/en\/cerez-politikasi\/\" \/>\n<meta property=\"og:locale\" content=\"en_US\" \/>\n<meta property=\"og:type\" content=\"article\" \/>\n<meta property=\"og:title\" content=\"\u00c7erez Politikas\u0131 - Sevim Hukuk B\u00fcrosu\" \/>\n<meta property=\"og:url\" content=\"https:\/\/www.sevim.av.tr\/en\/cerez-politikasi\/\" \/>\n<meta property=\"og:site_name\" content=\"Sevim Hukuk B\u00fcrosu\" \/>\n<meta property=\"article:modified_time\" content=\"2020-07-31T14:21:16+00:00\" \/>\n<meta name=\"twitter:card\" content=\"summary_large_image\" \/>\n<meta name=\"twitter:label1\" content=\"Est. reading time\" \/>\n\t<meta name=\"twitter:data1\" content=\"6 minutes\" \/>\n<script type=\"application\/ld+json\" class=\"yoast-schema-graph\">{\"@context\":\"https:\/\/schema.org\",\"@graph\":[{\"@type\":\"WebPage\",\"@id\":\"https:\/\/www.sevim.av.tr\/cerez-politikasi\/\",\"url\":\"https:\/\/www.sevim.av.tr\/cerez-politikasi\/\",\"name\":\"\u00c7erez Politikas\u0131 - Sevim Hukuk B\u00fcrosu\",\"isPartOf\":{\"@id\":\"https:\/\/www.sevim.av.tr\/#website\"},\"datePublished\":\"2020-07-31T14:18:14+00:00\",\"dateModified\":\"2020-07-31T14:21:16+00:00\",\"breadcrumb\":{\"@id\":\"https:\/\/www.sevim.av.tr\/cerez-politikasi\/#breadcrumb\"},\"inLanguage\":\"en-US\",\"potentialAction\":[{\"@type\":\"ReadAction\",\"target\":[\"https:\/\/www.sevim.av.tr\/cerez-politikasi\/\"]}]},{\"@type\":\"BreadcrumbList\",\"@id\":\"https:\/\/www.sevim.av.tr\/cerez-politikasi\/#breadcrumb\",\"itemListElement\":[{\"@type\":\"ListItem\",\"position\":1,\"name\":\"Anasayfa\",\"item\":\"https:\/\/www.sevim.av.tr\/\"},{\"@type\":\"ListItem\",\"position\":2,\"name\":\"\u00c7erez Politikas\u0131\"}]},{\"@type\":\"WebSite\",\"@id\":\"https:\/\/www.sevim.av.tr\/#website\",\"url\":\"https:\/\/www.sevim.av.tr\/\",\"name\":\"Sevim Hukuk B\u00fcrosu\",\"description\":\"Hukuk G\u00fczel Bir Sanatt\u0131r\",\"publisher\":{\"@id\":\"https:\/\/www.sevim.av.tr\/#organization\"},\"potentialAction\":[{\"@type\":\"SearchAction\",\"target\":{\"@type\":\"EntryPoint\",\"urlTemplate\":\"https:\/\/www.sevim.av.tr\/?s={search_term_string}\"},\"query-input\":{\"@type\":\"PropertyValueSpecification\",\"valueRequired\":true,\"valueName\":\"search_term_string\"}}],\"inLanguage\":\"en-US\"},{\"@type\":\"Organization\",\"@id\":\"https:\/\/www.sevim.av.tr\/#organization\",\"name\":\"Sevim Hukuk B\u00fcrosu\",\"url\":\"https:\/\/www.sevim.av.tr\/\",\"logo\":{\"@type\":\"ImageObject\",\"inLanguage\":\"en-US\",\"@id\":\"https:\/\/www.sevim.av.tr\/#\/schema\/logo\/image\/\",\"url\":\"http:\/\/www.sevim.av.tr\/wp-content\/uploads\/2020\/07\/kjkjkj.png\",\"contentUrl\":\"http:\/\/www.sevim.av.tr\/wp-content\/uploads\/2020\/07\/kjkjkj.png\",\"width\":1000,\"height\":1000,\"caption\":\"Sevim Hukuk B\u00fcrosu\"},\"image\":{\"@id\":\"https:\/\/www.sevim.av.tr\/#\/schema\/logo\/image\/\"}}]}<\/script>\n<!-- \/ Yoast SEO plugin. -->","yoast_head_json":{"title":"\u00c7erez Politikas\u0131 - Sevim Hukuk B\u00fcrosu","robots":{"index":"index","follow":"follow","max-snippet":"max-snippet:-1","max-image-preview":"max-image-preview:large","max-video-preview":"max-video-preview:-1"},"canonical":"https:\/\/www.sevim.av.tr\/en\/cerez-politikasi\/","og_locale":"en_US","og_type":"article","og_title":"\u00c7erez Politikas\u0131 - Sevim Hukuk B\u00fcrosu","og_url":"https:\/\/www.sevim.av.tr\/en\/cerez-politikasi\/","og_site_name":"Sevim Hukuk B\u00fcrosu","article_modified_time":"2020-07-31T14:21:16+00:00","twitter_card":"summary_large_image","twitter_misc":{"Est. reading time":"6 minutes"},"schema":{"@context":"https:\/\/schema.org","@graph":[{"@type":"WebPage","@id":"https:\/\/www.sevim.av.tr\/cerez-politikasi\/","url":"https:\/\/www.sevim.av.tr\/cerez-politikasi\/","name":"\u00c7erez Politikas\u0131 - Sevim Hukuk B\u00fcrosu","isPartOf":{"@id":"https:\/\/www.sevim.av.tr\/#website"},"datePublished":"2020-07-31T14:18:14+00:00","dateModified":"2020-07-31T14:21:16+00:00","breadcrumb":{"@id":"https:\/\/www.sevim.av.tr\/cerez-politikasi\/#breadcrumb"},"inLanguage":"en-US","potentialAction":[{"@type":"ReadAction","target":["https:\/\/www.sevim.av.tr\/cerez-politikasi\/"]}]},{"@type":"BreadcrumbList","@id":"https:\/\/www.sevim.av.tr\/cerez-politikasi\/#breadcrumb","itemListElement":[{"@type":"ListItem","position":1,"name":"Anasayfa","item":"https:\/\/www.sevim.av.tr\/"},{"@type":"ListItem","position":2,"name":"\u00c7erez Politikas\u0131"}]},{"@type":"WebSite","@id":"https:\/\/www.sevim.av.tr\/#website","url":"https:\/\/www.sevim.av.tr\/","name":"Sevim Law Office","description":"Hukuk G\u00fczel Bir Sanatt\u0131r","publisher":{"@id":"https:\/\/www.sevim.av.tr\/#organization"},"potentialAction":[{"@type":"SearchAction","target":{"@type":"EntryPoint","urlTemplate":"https:\/\/www.sevim.av.tr\/?s={search_term_string}"},"query-input":{"@type":"PropertyValueSpecification","valueRequired":true,"valueName":"search_term_string"}}],"inLanguage":"en-US"},{"@type":"Organization","@id":"https:\/\/www.sevim.av.tr\/#organization","name":"Sevim Law Office","url":"https:\/\/www.sevim.av.tr\/","logo":{"@type":"ImageObject","inLanguage":"en-US","@id":"https:\/\/www.sevim.av.tr\/#\/schema\/logo\/image\/","url":"http:\/\/www.sevim.av.tr\/wp-content\/uploads\/2020\/07\/kjkjkj.png","contentUrl":"http:\/\/www.sevim.av.tr\/wp-content\/uploads\/2020\/07\/kjkjkj.png","width":1000,"height":1000,"caption":"Sevim Hukuk B\u00fcrosu"},"image":{"@id":"https:\/\/www.sevim.av.tr\/#\/schema\/logo\/image\/"}}]}},"_links":{"self":[{"href":"http:\/\/www.sevim.av.tr\/en\/wp-json\/wp\/v2\/pages\/3966","targetHints":{"allow":["GET"]}}],"collection":[{"href":"http:\/\/www.sevim.av.tr\/en\/wp-json\/wp\/v2\/pages"}],"about":[{"href":"http:\/\/www.sevim.av.tr\/en\/wp-json\/wp\/v2\/types\/page"}],"author":[{"embeddable":true,"href":"http:\/\/www.sevim.av.tr\/en\/wp-json\/wp\/v2\/users\/1"}],"replies":[{"embeddable":true,"href":"http:\/\/www.sevim.av.tr\/en\/wp-json\/wp\/v2\/comments?post=3966"}],"version-history":[{"count":3,"href":"http:\/\/www.sevim.av.tr\/en\/wp-json\/wp\/v2\/pages\/3966\/revisions"}],"predecessor-version":[{"id":3969,"href":"http:\/\/www.sevim.av.tr\/en\/wp-json\/wp\/v2\/pages\/3966\/revisions\/3969"}],"wp:attachment":[{"href":"http:\/\/www.sevim.av.tr\/en\/wp-json\/wp\/v2\/media?parent=3966"}],"curies":[{"name":"wp","href":"https:\/\/api.w.org\/{rel}","templated":true}]}}