{"id":4714,"date":"2023-12-07T15:01:51","date_gmt":"2023-12-07T15:01:51","guid":{"rendered":"http:\/\/www.sevim.av.tr\/?page_id=4714"},"modified":"2025-06-20T10:35:04","modified_gmt":"2025-06-20T10:35:04","slug":"omercanaytatli","status":"publish","type":"page","link":"http:\/\/www.sevim.av.tr\/en\/ekibimiz\/omercanaytatli\/","title":{"rendered":"\u00d6mercan Aytatl\u0131"},"content":{"rendered":"<p><section id=\"bt_bb_section69ea20f9223d9\" class=\"bt_bb_section bt_bb_layout_boxed_1200 bt_bb_vertical_align_top bt_bb_top_spacing_large bt_bb_bottom_spacing_large\"  data-bt-override-class=\"null\"><div class=\"bt_bb_background_image_holder_wrapper\"><div class=\"bt_bb_background_image_holder btLazyLoadBackground bt_bb_parallax\"  data-background_image_src=\"https:\/\/www.sevim.av.tr\/wp-content\/uploads\/2019\/10\/hero_about_me.jpg\" data-parallax=\"0.7\" data-parallax-offset=\"0\" data-parallax-zoom-start=\"1\" data-parallax-zoom-end=\"1\" data-parallax-blur-start=\"0\" data-parallax-blur-end=\"0\" data-parallax-opacity-start=\"1\" data-parallax-opacity-end=\"1\" style=\" background-image: url(&#039;http:\/\/www.sevim.av.tr\/wp-content\/plugins\/bold-page-builder\/img\/blank.gif&#039;);\"><\/div><\/div><div class=\"bt_bb_port\"><div class=\"bt_bb_cell\"><div class=\"bt_bb_cell_inner\"><div class=\"bt_bb_row\"  data-bt-override-class=\"{}\"><div class=\"bt_bb_row_holder\" ><div  class=\"bt_bb_column col-xl-12 bt_bb_align_center bt_bb_padding_normal\"  data-width=\"12\" data-bt-override-class=\"{}\"><div class=\"bt_bb_column_content bt_bb_vertical_align_top bt_bb_color_scheme_\"><div class=\"bt_bb_column_content_inner\"><header class=\"bt_bb_headline bt_bb_color_scheme_1 bt_bb_dash_none bt_bb_size_extralarge bt_bb_align_inherit\" style=\"; --primary-color:#ffffff; --secondary-color:#191919;\" data-bt-override-class=\"{}\"><h3 class=\"bt_bb_headline_tag\"><span class=\"bt_bb_headline_content\"><span>Hakk\u0131mda<\/span><\/span><\/h3><\/header><\/div><\/div><\/div><\/div><\/div><\/div><!-- cell_inner --><\/div><!-- cell --><\/div><!-- port --><\/section><section id=\"bt_bb_section69ea20f9226f7\" class=\"bt_bb_section bt_bb_layout_wide bt_bb_vertical_align_top bt_bb_negative_margin_large\"  data-bt-override-class=\"null\"><div class=\"bt_bb_port\"><div class=\"bt_bb_cell\"><div class=\"bt_bb_cell_inner\"><div class=\"bt_bb_row  bt_bb_layout_special btOverlapRight\"  data-bt-override-class=\"{}\"><div class=\"bt_bb_row_holder\" ><div  class=\"bt_bb_column col-xl-6 bt_bb_align_right bt_bb_padding_0\"  data-width=\"6\" data-bt-override-class=\"{}\"><div class=\"bt_bb_column_content bt_bb_vertical_align_top bt_bb_color_scheme_ bt_bb_column_background_image\" style=\"background-image:url(&#039;https:\/\/www.sevim.av.tr\/wp-content\/uploads\/2019\/10\/inner_blue_column.jpg&#039;);\"><div class=\"bt_bb_column_content_inner\"><div data-bb-version=\"4.7.6\" class=\"bt_bb_image bt_bb_shape_square bt_bb_target_self bt_bb_align_inherit bt_bb_hover_style_simple bt_bb_content_display_always bt_bb_content_align_middle\" data-bt-override-class=\"{&quot;bt_bb_align_&quot;:{&quot;current_class&quot;:&quot;bt_bb_align_inherit&quot;,&quot;def&quot;:&quot;inherit&quot;},&quot;bt_bb_content_display_&quot;:{&quot;current_class&quot;:&quot;bt_bb_content_display_always&quot;,&quot;def&quot;:&quot;always&quot;}}\"><span><img loading=\"lazy\" decoding=\"async\" width=\"320\" height=\"427\" src=\"https:\/\/www.sevim.av.tr\/wp-content\/uploads\/2023\/12\/WhatsApp-Image-2023-12-07-at-17.18.53-320x427.jpeg\" class=\"attachment-boldthemes_small size-boldthemes_small\" alt=\"https:\/\/www.sevim.av.tr\/wp-content\/uploads\/2023\/12\/WhatsApp-Image-2023-12-07-at-17.18.53-320x427.jpeg\" data-full_image_src=\"https:\/\/www.sevim.av.tr\/wp-content\/uploads\/2023\/12\/WhatsApp-Image-2023-12-07-at-17.18.53.jpeg\" title=\"WhatsApp Image 2023-12-07 at 17.18.53\" srcset=\"https:\/\/www.sevim.av.tr\/wp-content\/uploads\/2023\/12\/WhatsApp-Image-2023-12-07-at-17.18.53-320x427.jpeg 320w, https:\/\/www.sevim.av.tr\/wp-content\/uploads\/2023\/12\/WhatsApp-Image-2023-12-07-at-17.18.53-640x853.jpeg 640w, https:\/\/www.sevim.av.tr\/wp-content\/uploads\/2023\/12\/WhatsApp-Image-2023-12-07-at-17.18.53-9x12.jpeg 9w, https:\/\/www.sevim.av.tr\/wp-content\/uploads\/2023\/12\/WhatsApp-Image-2023-12-07-at-17.18.53.jpeg 768w\" sizes=\"auto, (max-width: 320px) 100vw, 320px\" \/><\/span><\/div><div class=\"bt_bb_separator bt_bb_border_style_none bt_bb_bottom_spacing_extra_large\" data-bt-override-class=\"null\"><\/div><\/div><\/div><\/div><div  class=\"bt_bb_column col-xl-6 btWithIcon bt_bb_align_left bt_bb_icon_color_scheme_6 bt_bb_padding_normal\" style=\"; --column-icon-primary-color:#ffffff; --column-icon-secondary-color:#bf0301;\" data-width=\"6\" data-bt-override-class=\"{}\"><div class=\"bt_bb_column_content bt_bb_vertical_align_top bt_bb_color_scheme_\"><div class=\"bt_bb_column_icon\"><span  data-ico-icon7stroke=\"&#xe68f;\" class=\"bt_bb_icon_holder\"><\/span><\/div><div class=\"bt_bb_column_content_inner\"><header data-bb-version=\"4.7.6\" class=\"bt_bb_headline bt_bb_subheadline_text_transform_default bt_bb_color_scheme_14 bt_bb_dash_none bt_bb_size_normal bt_bb_align_inherit\" style=\"; --primary-color:#0e111c; --secondary-color:#bf0301;\" data-bt-override-class=\"{&quot;bt_bb_align_&quot;:{&quot;current_class&quot;:&quot;bt_bb_align_inherit&quot;,&quot;def&quot;:&quot;inherit&quot;}}\"><h3 class=\"bt_bb_headline_tag\"><span class=\"bt_bb_headline_content\"><span>\u00d6mercan Aytatl\u0131<\/span><\/span><\/h3><\/header><div class=\"bt_bb_separator bt_bb_border_style_none bt_bb_bottom_spacing_small\" data-bt-override-class=\"null\"><\/div><header data-bb-version=\"5.2.5\" class=\"bt_bb_headline bt_bb_color_scheme_5 bt_bb_dash_none bt_bb_superheadline bt_bb_size_normal bt_bb_align_inherit btNoHeadline\" style=\"; --primary-color:#191919; --secondary-color:#bf0301;\" data-bt-override-class=\"{&quot;bt_bb_size_&quot;:{&quot;current_class&quot;:&quot;bt_bb_size_normal&quot;,&quot;def&quot;:&quot;normal&quot;},&quot;bt_bb_align_&quot;:{&quot;current_class&quot;:&quot;bt_bb_align_inherit&quot;,&quot;def&quot;:&quot;inherit&quot;},&quot;bt_bb_animation_&quot;:{&quot;current_class&quot;:&quot;bt_bb_animation_no_animation&quot;,&quot;def&quot;:&quot;no_animation&quot;}}\"><h4 class=\"bt_bb_headline_tag\"><span class=\"bt_bb_headline_superheadline\">AVUKAT<\/span><\/h4><\/header><div class=\"bt_bb_separator bt_bb_border_style_none bt_bb_bottom_spacing_medium\" data-bt-override-class=\"null\"><\/div><div class=\"bt_bb_row_inner\"   data-bt-override-class=\"{}\"><div class=\"bt_bb_row_inner_holder\"  ><div  class=\"bt_bb_column_inner col-xl-6 bt_bb_align_left bt_bb_vertical_align_top bt_bb_padding_normal\"  data-width=\"6\" data-bt-override-class=\"{}\"><div class=\"bt_bb_column_inner_content\"><div data-bb-version=\"4.7.6\" class=\"bt_bb_service bt_bb_color_scheme_14 bt_bb_style_borderless bt_bb_size_normal bt_bb_shape_square bt_bb_target_self bt_bb_align_left bt_bb_title_color_scheme_13\" style=\"; --service-primary-color:#0e111c; --service-secondary-color:#bf0301;; --service-title-primary-color:#bf0301; --service-title-secondary-color:#0e111c;\" data-bt-override-class=\"{}\"><span  data-ico-icon7stroke=\"&#xe63b;\" class=\"bt_bb_icon_holder\"><\/span><div class=\"bt_bb_service_content\"><div class=\"bt_bb_service_content_title\">E-MAIL<\/div><div class=\"bt_bb_service_content_text\">omercan@sevim.av.tr<\/div><\/div><\/div><div data-bb-version=\"4.7.6\" class=\"bt_bb_icon bt_bb_color_scheme_12 bt_bb_style_borderless bt_bb_size_xsmall bt_bb_shape_circle bt_bb_target_blank bt_bb_text_empty bt_bb_align_inherit\" style=\"; --primary-color:#868686; --secondary-color:#bf0301;\" data-bt-override-class=\"{&quot;bt_bb_size_&quot;:{&quot;current_class&quot;:&quot;bt_bb_size_xsmall&quot;,&quot;def&quot;:&quot;xsmall&quot;},&quot;bt_bb_align_&quot;:{&quot;current_class&quot;:&quot;bt_bb_align_inherit&quot;,&quot;def&quot;:&quot;inherit&quot;}}\"><a href=\"https:\/\/www.linkedin.com\/in\/%C3%B6mercan-aytatl%C4%B1-88982a253\/\"  target=\"_blank\"   data-ico-fontawesome=\"&#xf0e1;\" class=\"bt_bb_icon_holder\"><\/a><\/div><div class=\"bt_bb_separator bt_bb_border_style_none bt_bb_bottom_spacing_normal bt_bb_hidden_md bt_bb_hidden_lg\" data-bt-override-class=\"null\"><\/div><\/div><\/div><div  class=\"bt_bb_column_inner col-xl-6 bt_bb_align_left bt_bb_vertical_align_top bt_bb_padding_normal\"  data-width=\"6\" data-bt-override-class=\"{}\"><div class=\"bt_bb_column_inner_content\"><\/div><\/div><\/div><\/div><div class=\"bt_bb_separator bt_bb_border_style_solid bt_bb_top_spacing_normal bt_bb_bottom_spacing_normal bt_bb_color_dark\" data-bt-override-class=\"null\"><\/div><div  class=\"bt_bb_text\" ><\/p>\n<ul>\n<li>2018 y\u0131l\u0131nda Pertevniyal Lisesi&#8217;nden mezun olmu\u015ftur.<\/li>\n<li>2021 y\u0131l\u0131nda Anadolu \u00dcniversitesi D\u0131\u015f Ticaret b\u00f6l\u00fcm\u00fcn\u00fc tamamlam\u0131\u015ft\u0131r.<\/li>\n<li>2023 y\u0131l\u0131nda \u0130stanbul \u00dcniversitesi Hukuk Fak\u00fcltesi\u2019nden mezun olmu\u015ftur ve ayn\u0131 y\u0131l \u0130stanbul Barosu\u2019na ba\u011fl\u0131 olarak avukatl\u0131k staj\u0131na ba\u015flam\u0131\u015ft\u0131r.<\/li>\n<li>Eyl\u00fcl 2023 itibar\u0131yla Sevim Hukuk B\u00fcrosu\u2019na kat\u0131lm\u0131\u015ft\u0131r. Halihaz\u0131rda avukat olarak \u00e7al\u0131\u015fmaktad\u0131r.<\/li>\n<\/ul>\n<p>\n<\/div><div class=\"bt_bb_separator bt_bb_border_style_none bt_bb_bottom_spacing_normal\" data-bt-override-class=\"null\"><\/div><div data-bb-version=\"4.7.6\" class=\"bt_bb_icon bt_bb_color_scheme_6 bt_bb_style_filled bt_bb_size_small bt_bb_shape_square bt_bb_target_blank bt_bb_text_empty bt_bb_align_inherit\" style=\"; --primary-color:#ffffff; --secondary-color:#bf0301;\" data-bt-override-class=\"{&quot;bt_bb_size_&quot;:{&quot;current_class&quot;:&quot;bt_bb_size_small&quot;,&quot;def&quot;:&quot;small&quot;},&quot;bt_bb_align_&quot;:{&quot;current_class&quot;:&quot;bt_bb_align_inherit&quot;,&quot;def&quot;:&quot;inherit&quot;}}\"><a href=\"https:\/\/www.linkedin.com\"  target=\"_blank\"   data-ico-fontawesome=\"&#xf0e1;\" class=\"bt_bb_icon_holder\"><\/a><\/div><div class=\"bt_bb_separator bt_bb_border_style_none bt_bb_bottom_spacing_small\" data-bt-override-class=\"null\"><\/div><\/div><\/div><\/div><\/div><\/div><\/div><!-- cell_inner --><\/div><!-- cell --><\/div><!-- port --><\/section><section id=\"bt_bb_section69ea20f923841\" class=\"bt_bb_section bt_bb_layout_wide bt_bb_vertical_align_top\"  data-bt-override-class=\"null\"><div class=\"bt_bb_port\"><div class=\"bt_bb_cell\"><div class=\"bt_bb_cell_inner\"><div class=\"bt_bb_row  bt_bb_layout_special btOverlapLeft\"  data-bt-override-class=\"{}\"><div class=\"bt_bb_row_holder\" ><div  class=\"bt_bb_column col-xl-6 btWithIcon bt_bb_align_right bt_bb_icon_color_scheme_6 bt_bb_padding_normal\" style=\"; --column-icon-primary-color:#ffffff; --column-icon-secondary-color:#bf0301;\" data-width=\"6\" data-bt-override-class=\"{}\"><div class=\"bt_bb_column_content bt_bb_vertical_align_top bt_bb_color_scheme_\"><div class=\"bt_bb_column_icon\"><span  data-ico-icon7stroke=\"&#xe60f;\" class=\"bt_bb_icon_holder\"><\/span><\/div><div class=\"bt_bb_column_content_inner\"><header class=\"bt_bb_headline bt_bb_color_scheme_14 bt_bb_dash_none bt_bb_size_medium bt_bb_align_inherit\" style=\"; --primary-color:#0e111c; --secondary-color:#bf0301;\" data-bt-override-class=\"{}\"><h4 class=\"bt_bb_headline_tag\"><span class=\"bt_bb_headline_content\"><span>E\u011fitim ve Lisan<\/span><\/span><\/h4><\/header><div class=\"bt_bb_separator bt_bb_border_style_none bt_bb_bottom_spacing_normal\" data-bt-override-class=\"null\"><\/div><header class=\"bt_bb_headline bt_bb_color_scheme_5 bt_bb_dash_none bt_bb_superheadline bt_bb_size_medium bt_bb_align_inherit btNoHeadline\" style=\"; --primary-color:#191919; --secondary-color:#bf0301;\" data-bt-override-class=\"{}\"><h4 class=\"bt_bb_headline_tag\"><span class=\"bt_bb_headline_superheadline\">E\u011e\u0130T\u0130M<\/span><\/h4><\/header><div class=\"bt_bb_separator bt_bb_border_style_none bt_bb_bottom_spacing_extra_small\" data-bt-override-class=\"null\"><\/div><div  class=\"bt_bb_text\" ><\/p>\n<p style=\"margin: 0cm;\">Galatasaray \u00dcniversitesi Sosyal Bilimler Enstit\u00fcs\u00fc Ekonomi Hukuku, Y\u00fcksek Lisans<\/p>\n<p>\u0130stanbul \u00dcniversitesi Hukuk Fak\u00fcltesi (2023), Lisans<br \/>\nAnadolu \u00dcniversitesi D\u0131\u015f Ticaret (2021), \u00d6n Lisans<br \/>\nPertevniyal Lisesi (2018), Lise<\/p>\n<p>\n<\/div><div class=\"bt_bb_separator bt_bb_border_style_none bt_bb_bottom_spacing_normal\" data-bt-override-class=\"null\"><\/div><header class=\"bt_bb_headline bt_bb_color_scheme_5 bt_bb_dash_none bt_bb_superheadline bt_bb_size_medium bt_bb_align_inherit btNoHeadline\" style=\"; --primary-color:#191919; --secondary-color:#bf0301;\" data-bt-override-class=\"{}\"><h4 class=\"bt_bb_headline_tag\"><span class=\"bt_bb_headline_superheadline\">DENEY\u0130MLER<\/span><\/h4><\/header><div class=\"bt_bb_separator bt_bb_border_style_none bt_bb_bottom_spacing_extra_small\" data-bt-override-class=\"null\"><\/div><div  class=\"bt_bb_text\" ><\/p>\n<p>Ceza Hukuku, Bor\u00e7lar Hukuku, \u0130\u015f Hukuku, \u0130dare ve Vergi Hukuku, Ticaret Hukuku, Fikri ve S\u0131nai Haklar Hukuku, Rekabet Hukuku<\/p>\n<p>\n<\/div><div class=\"bt_bb_separator bt_bb_border_style_none bt_bb_bottom_spacing_normal\" data-bt-override-class=\"null\"><\/div><header class=\"bt_bb_headline bt_bb_color_scheme_5 bt_bb_dash_none bt_bb_superheadline bt_bb_size_medium bt_bb_align_inherit btNoHeadline\" style=\"; --primary-color:#191919; --secondary-color:#bf0301;\" data-bt-override-class=\"{}\"><h4 class=\"bt_bb_headline_tag\"><span class=\"bt_bb_headline_superheadline\">\u00c7ALI\u015eMA ALANLARI<\/span><\/h4><\/header><div class=\"bt_bb_separator bt_bb_border_style_none bt_bb_bottom_spacing_extra_small\" data-bt-override-class=\"null\"><\/div><div  class=\"bt_bb_text\" ><\/div><div class=\"bt_bb_separator bt_bb_border_style_none bt_bb_bottom_spacing_normal\" data-bt-override-class=\"null\"><\/div><header class=\"bt_bb_headline bt_bb_color_scheme_5 bt_bb_dash_none bt_bb_superheadline bt_bb_size_medium bt_bb_align_inherit btNoHeadline\" style=\"; --primary-color:#191919; --secondary-color:#bf0301;\" data-bt-override-class=\"{}\"><h4 class=\"bt_bb_headline_tag\"><span class=\"bt_bb_headline_superheadline\">L\u0130SAN<\/span><\/h4><\/header><div class=\"bt_bb_separator bt_bb_border_style_none bt_bb_bottom_spacing_extra_small\" data-bt-override-class=\"null\"><\/div><div  class=\"bt_bb_text\" ><\/p>\n<p>T\u00fcrk\u00e7e, \u0130ngilizce<\/p>\n<p>\n<\/div><\/div><\/div><\/div><div  class=\"bt_bb_column col-xl-6 bt_bb_align_right bt_bb_color_scheme_1 bt_bb_padding_normal\" style=\"; --column-primary-color:#ffffff; --column-secondary-color:#191919;\" data-width=\"6\" data-bt-override-class=\"{}\"><div class=\"bt_bb_column_content bt_bb_vertical_align_bottom bt_bb_color_scheme_1 bt_bb_column_background_image\" style=\"background-image:url(&#039;https:\/\/www.sevim.av.tr\/wp-content\/uploads\/2019\/10\/inner_blue_column.jpg&#039;);\"><div class=\"bt_bb_column_content_inner\"><\/div><\/div><\/div><\/div><\/div><\/div><!-- cell_inner --><\/div><!-- cell --><\/div><!-- port --><\/section><section data-bb-version=\"4.7.6\" id=\"bt_bb_section69ea20f923fba\" class=\"bt_bb_section bt_bb_layout_boxed_1200\"  data-bt-override-class=\"null\"><div class=\"bt_bb_port\"><div class=\"bt_bb_cell\"><div class=\"bt_bb_cell_inner\"><div class=\"bt_bb_row\"  data-bt-override-class=\"{}\"><div class=\"bt_bb_row_holder\" ><div data-bb-version=\"4.7.6\"  class=\"bt_bb_column col-xl-12 bt_bb_align_left bt_bb_padding_normal\"  data-width=\"12\" data-bt-override-class=\"{}\"><div class=\"bt_bb_column_content bt_bb_vertical_align_top bt_bb_color_scheme_\"><div class=\"bt_bb_column_content_inner\"><\/div><\/div><\/div><\/div><\/div><\/div><!-- cell_inner --><\/div><!-- cell --><\/div><!-- port --><\/section><\/p>","protected":false},"excerpt":{"rendered":"","protected":false},"author":1,"featured_media":0,"parent":11,"menu_order":0,"comment_status":"closed","ping_status":"closed","template":"","meta":{"footnotes":""},"class_list":["post-4714","page","type-page","status-publish","hentry"],"yoast_head":"<!-- This site is optimized with the Yoast SEO plugin v27.2 - https:\/\/yoast.com\/product\/yoast-seo-wordpress\/ -->\n<title>\u00d6mercan Aytatl\u0131 - Sevim Hukuk B\u00fcrosu<\/title>\n<meta name=\"robots\" content=\"index, follow, max-snippet:-1, max-image-preview:large, max-video-preview:-1\" \/>\n<link rel=\"canonical\" href=\"https:\/\/www.sevim.av.tr\/en\/ekibimiz\/omercanaytatli\/\" \/>\n<meta property=\"og:locale\" content=\"en_US\" \/>\n<meta property=\"og:type\" content=\"article\" \/>\n<meta property=\"og:title\" content=\"\u00d6mercan Aytatl\u0131 - Sevim Hukuk B\u00fcrosu\" \/>\n<meta property=\"og:url\" content=\"https:\/\/www.sevim.av.tr\/en\/ekibimiz\/omercanaytatli\/\" \/>\n<meta property=\"og:site_name\" content=\"Sevim Hukuk B\u00fcrosu\" \/>\n<meta property=\"article:modified_time\" content=\"2025-06-20T10:35:04+00:00\" \/>\n<meta name=\"twitter:card\" content=\"summary_large_image\" \/>\n<meta name=\"twitter:label1\" content=\"Est. reading time\" \/>\n\t<meta name=\"twitter:data1\" content=\"2 minutes\" \/>\n<script type=\"application\/ld+json\" class=\"yoast-schema-graph\">{\"@context\":\"https:\/\/schema.org\",\"@graph\":[{\"@type\":\"WebPage\",\"@id\":\"https:\/\/www.sevim.av.tr\/ekibimiz\/omercanaytatli\/\",\"url\":\"https:\/\/www.sevim.av.tr\/ekibimiz\/omercanaytatli\/\",\"name\":\"\u00d6mercan Aytatl\u0131 - Sevim Hukuk B\u00fcrosu\",\"isPartOf\":{\"@id\":\"https:\/\/www.sevim.av.tr\/#website\"},\"datePublished\":\"2023-12-07T15:01:51+00:00\",\"dateModified\":\"2025-06-20T10:35:04+00:00\",\"breadcrumb\":{\"@id\":\"https:\/\/www.sevim.av.tr\/ekibimiz\/omercanaytatli\/#breadcrumb\"},\"inLanguage\":\"en-US\",\"potentialAction\":[{\"@type\":\"ReadAction\",\"target\":[\"https:\/\/www.sevim.av.tr\/ekibimiz\/omercanaytatli\/\"]}]},{\"@type\":\"BreadcrumbList\",\"@id\":\"https:\/\/www.sevim.av.tr\/ekibimiz\/omercanaytatli\/#breadcrumb\",\"itemListElement\":[{\"@type\":\"ListItem\",\"position\":1,\"name\":\"Anasayfa\",\"item\":\"https:\/\/www.sevim.av.tr\/\"},{\"@type\":\"ListItem\",\"position\":2,\"name\":\"Ekibimiz\",\"item\":\"https:\/\/www.sevim.av.tr\/ekibimiz\/\"},{\"@type\":\"ListItem\",\"position\":3,\"name\":\"\u00d6mercan Aytatl\u0131\"}]},{\"@type\":\"WebSite\",\"@id\":\"https:\/\/www.sevim.av.tr\/#website\",\"url\":\"https:\/\/www.sevim.av.tr\/\",\"name\":\"Sevim Hukuk B\u00fcrosu\",\"description\":\"Hukuk G\u00fczel Bir Sanatt\u0131r\",\"publisher\":{\"@id\":\"https:\/\/www.sevim.av.tr\/#organization\"},\"potentialAction\":[{\"@type\":\"SearchAction\",\"target\":{\"@type\":\"EntryPoint\",\"urlTemplate\":\"https:\/\/www.sevim.av.tr\/?s={search_term_string}\"},\"query-input\":{\"@type\":\"PropertyValueSpecification\",\"valueRequired\":true,\"valueName\":\"search_term_string\"}}],\"inLanguage\":\"en-US\"},{\"@type\":\"Organization\",\"@id\":\"https:\/\/www.sevim.av.tr\/#organization\",\"name\":\"Sevim Hukuk B\u00fcrosu\",\"url\":\"https:\/\/www.sevim.av.tr\/\",\"logo\":{\"@type\":\"ImageObject\",\"inLanguage\":\"en-US\",\"@id\":\"https:\/\/www.sevim.av.tr\/#\/schema\/logo\/image\/\",\"url\":\"http:\/\/www.sevim.av.tr\/wp-content\/uploads\/2020\/07\/kjkjkj.png\",\"contentUrl\":\"http:\/\/www.sevim.av.tr\/wp-content\/uploads\/2020\/07\/kjkjkj.png\",\"width\":1000,\"height\":1000,\"caption\":\"Sevim Hukuk B\u00fcrosu\"},\"image\":{\"@id\":\"https:\/\/www.sevim.av.tr\/#\/schema\/logo\/image\/\"}}]}<\/script>\n<!-- \/ Yoast SEO plugin. -->","yoast_head_json":{"title":"\u00d6mercan Aytatl\u0131 - Sevim Hukuk B\u00fcrosu","robots":{"index":"index","follow":"follow","max-snippet":"max-snippet:-1","max-image-preview":"max-image-preview:large","max-video-preview":"max-video-preview:-1"},"canonical":"https:\/\/www.sevim.av.tr\/en\/ekibimiz\/omercanaytatli\/","og_locale":"en_US","og_type":"article","og_title":"\u00d6mercan Aytatl\u0131 - Sevim Hukuk B\u00fcrosu","og_url":"https:\/\/www.sevim.av.tr\/en\/ekibimiz\/omercanaytatli\/","og_site_name":"Sevim Hukuk B\u00fcrosu","article_modified_time":"2025-06-20T10:35:04+00:00","twitter_card":"summary_large_image","twitter_misc":{"Est. reading time":"2 minutes"},"schema":{"@context":"https:\/\/schema.org","@graph":[{"@type":"WebPage","@id":"https:\/\/www.sevim.av.tr\/ekibimiz\/omercanaytatli\/","url":"https:\/\/www.sevim.av.tr\/ekibimiz\/omercanaytatli\/","name":"\u00d6mercan Aytatl\u0131 - Sevim Hukuk B\u00fcrosu","isPartOf":{"@id":"https:\/\/www.sevim.av.tr\/#website"},"datePublished":"2023-12-07T15:01:51+00:00","dateModified":"2025-06-20T10:35:04+00:00","breadcrumb":{"@id":"https:\/\/www.sevim.av.tr\/ekibimiz\/omercanaytatli\/#breadcrumb"},"inLanguage":"en-US","potentialAction":[{"@type":"ReadAction","target":["https:\/\/www.sevim.av.tr\/ekibimiz\/omercanaytatli\/"]}]},{"@type":"BreadcrumbList","@id":"https:\/\/www.sevim.av.tr\/ekibimiz\/omercanaytatli\/#breadcrumb","itemListElement":[{"@type":"ListItem","position":1,"name":"Anasayfa","item":"https:\/\/www.sevim.av.tr\/"},{"@type":"ListItem","position":2,"name":"Ekibimiz","item":"https:\/\/www.sevim.av.tr\/ekibimiz\/"},{"@type":"ListItem","position":3,"name":"\u00d6mercan Aytatl\u0131"}]},{"@type":"WebSite","@id":"https:\/\/www.sevim.av.tr\/#website","url":"https:\/\/www.sevim.av.tr\/","name":"Sevim Law Office","description":"Hukuk G\u00fczel Bir Sanatt\u0131r","publisher":{"@id":"https:\/\/www.sevim.av.tr\/#organization"},"potentialAction":[{"@type":"SearchAction","target":{"@type":"EntryPoint","urlTemplate":"https:\/\/www.sevim.av.tr\/?s={search_term_string}"},"query-input":{"@type":"PropertyValueSpecification","valueRequired":true,"valueName":"search_term_string"}}],"inLanguage":"en-US"},{"@type":"Organization","@id":"https:\/\/www.sevim.av.tr\/#organization","name":"Sevim Law Office","url":"https:\/\/www.sevim.av.tr\/","logo":{"@type":"ImageObject","inLanguage":"en-US","@id":"https:\/\/www.sevim.av.tr\/#\/schema\/logo\/image\/","url":"http:\/\/www.sevim.av.tr\/wp-content\/uploads\/2020\/07\/kjkjkj.png","contentUrl":"http:\/\/www.sevim.av.tr\/wp-content\/uploads\/2020\/07\/kjkjkj.png","width":1000,"height":1000,"caption":"Sevim Hukuk B\u00fcrosu"},"image":{"@id":"https:\/\/www.sevim.av.tr\/#\/schema\/logo\/image\/"}}]}},"_links":{"self":[{"href":"http:\/\/www.sevim.av.tr\/en\/wp-json\/wp\/v2\/pages\/4714","targetHints":{"allow":["GET"]}}],"collection":[{"href":"http:\/\/www.sevim.av.tr\/en\/wp-json\/wp\/v2\/pages"}],"about":[{"href":"http:\/\/www.sevim.av.tr\/en\/wp-json\/wp\/v2\/types\/page"}],"author":[{"embeddable":true,"href":"http:\/\/www.sevim.av.tr\/en\/wp-json\/wp\/v2\/users\/1"}],"replies":[{"embeddable":true,"href":"http:\/\/www.sevim.av.tr\/en\/wp-json\/wp\/v2\/comments?post=4714"}],"version-history":[{"count":11,"href":"http:\/\/www.sevim.av.tr\/en\/wp-json\/wp\/v2\/pages\/4714\/revisions"}],"predecessor-version":[{"id":5001,"href":"http:\/\/www.sevim.av.tr\/en\/wp-json\/wp\/v2\/pages\/4714\/revisions\/5001"}],"up":[{"embeddable":true,"href":"http:\/\/www.sevim.av.tr\/en\/wp-json\/wp\/v2\/pages\/11"}],"wp:attachment":[{"href":"http:\/\/www.sevim.av.tr\/en\/wp-json\/wp\/v2\/media?parent=4714"}],"curies":[{"name":"wp","href":"https:\/\/api.w.org\/{rel}","templated":true}]}}