{"id":1602,"date":"2019-10-07T08:30:01","date_gmt":"2019-10-07T08:30:01","guid":{"rendered":"http:\/\/goldenblatt.bold-themes.com\/main-demo\/?page_id=1602"},"modified":"2024-04-02T13:58:29","modified_gmt":"2024-04-02T13:58:29","slug":"footer-home-05","status":"publish","type":"page","link":"https:\/\/www.sevim.av.tr\/en\/home\/footer-home-05\/","title":{"rendered":"Footer &#8211; Home 05"},"content":{"rendered":"<section id=\"bt_bb_section6a090ccbe05ce\" class=\"bt_bb_section bt_bb_color_scheme_1 bt_bb_layout_boxed_1200 bt_bb_vertical_align_top bt_bb_top_spacing_large bt_bb_bottom_spacing_medium\" style=\"; --section-primary-color:#ffffff; --section-secondary-color:#191919;\" data-bt-override-class=\"null\"><div class=\"bt_bb_background_image_holder_wrapper\"><div class=\"bt_bb_background_image_holder btLazyLoadBackground bt_bb_parallax\"  data-background_image_src=\"https:\/\/www.sevim.av.tr\/wp-content\/uploads\/2020\/10\/footer-background.png\" data-parallax=\"0.7\" data-parallax-offset=\"0\" data-parallax-zoom-start=\"1\" data-parallax-zoom-end=\"1\" data-parallax-blur-start=\"0\" data-parallax-blur-end=\"0\" data-parallax-opacity-start=\"1\" data-parallax-opacity-end=\"1\" style=\" background-image: url(&#039;https:\/\/www.sevim.av.tr\/wp-content\/plugins\/bold-page-builder\/img\/blank.gif&#039;);\"><\/div><\/div><div class=\"bt_bb_port\"><div class=\"bt_bb_cell\"><div class=\"bt_bb_cell_inner\"><div class=\"bt_bb_row\"  data-bt-override-class=\"{}\"><div class=\"bt_bb_row_holder\" ><div  class=\"bt_bb_column col-xl-3 bt_bb_align_left bt_bb_padding_normal\"  data-width=\"3\" data-bt-override-class=\"{}\"><div class=\"bt_bb_column_content bt_bb_vertical_align_bottom bt_bb_color_scheme_\"><div class=\"bt_bb_column_content_inner\"><div class=\"bt_bb_image bt_bb_shape_square bt_bb_target_self bt_bb_align_inherit bt_bb_hover_style_simple bt_bb_content_display_always bt_bb_content_align_middle\" data-bt-override-class=\"{}\"><span><img loading=\"lazy\" decoding=\"async\" width=\"442\" height=\"116\" src=\"https:\/\/www.sevim.av.tr\/wp-content\/uploads\/2020\/07\/lodego-2.png\" class=\"attachment-full size-full\" alt=\"https:\/\/www.sevim.av.tr\/wp-content\/uploads\/2020\/07\/lodego-2.png\" data-full_image_src=\"https:\/\/www.sevim.av.tr\/wp-content\/uploads\/2020\/07\/lodego-2.png\" title=\"lodego 2\" srcset=\"https:\/\/www.sevim.av.tr\/wp-content\/uploads\/2020\/07\/lodego-2.png 442w, https:\/\/www.sevim.av.tr\/wp-content\/uploads\/2020\/07\/lodego-2-320x84.png 320w\" sizes=\"auto, (max-width: 442px) 100vw, 442px\" \/><\/span><\/div><div class=\"bt_bb_separator bt_bb_border_style_none bt_bb_bottom_spacing_50\" data-bt-override-class=\"null\"><\/div><div class=\"bt_bb_icon bt_bb_color_scheme_4 bt_bb_style_borderless bt_bb_size_xsmall bt_bb_shape_circle bt_bb_target_self bt_bb_align_inherit bt_bb_text_align_top\" style=\"; --primary-color:#bf0301; --secondary-color:#ffffff;\" data-bt-override-class=\"{}\"><span  data-ico-fontawesome=\"&#xf015;\" class=\"bt_bb_icon_holder\"><span>Esentepe Mahallesi, \u0130rfan Ba\u015ftu\u011f Pa\u015fa Caddesi, No:8, Kat:3, D:21 \u0130stanbul, T\u00fcrkiye<\/span><\/span><\/div><div class=\"bt_bb_separator bt_bb_border_style_none bt_bb_bottom_spacing_small\" data-bt-override-class=\"null\"><\/div><div class=\"bt_bb_icon bt_bb_color_scheme_4 bt_bb_style_borderless bt_bb_size_xsmall bt_bb_shape_circle bt_bb_target_self bt_bb_align_inherit bt_bb_text_align_top\" style=\"; --primary-color:#bf0301; --secondary-color:#ffffff;\" data-bt-override-class=\"{}\"><a href=\"mailto:bilgi@sevim.av.tr\"  target=\"_self\"  title=\"bilgi@sevim.av.tr\"  data-ico-fontawesome=\"&#xf0e0;\" class=\"bt_bb_icon_holder\"><span>bilgi@sevim.av.tr<\/span><\/a><\/div><div class=\"bt_bb_separator bt_bb_border_style_none bt_bb_bottom_spacing_small\" data-bt-override-class=\"null\"><\/div><div class=\"bt_bb_separator bt_bb_border_style_none bt_bb_bottom_spacing_small\" data-bt-override-class=\"null\"><\/div><div data-bb-version=\"4.8.8\" class=\"bt_bb_icon bt_bb_color_scheme_4 bt_bb_style_borderless bt_bb_size_xsmall bt_bb_shape_circle bt_bb_target_self bt_bb_align_inherit bt_bb_text_align_top\" style=\"; --primary-color:#bf0301; --secondary-color:#ffffff;\" data-bt-override-class=\"{&quot;bt_bb_size_&quot;:{&quot;current_class&quot;:&quot;bt_bb_size_xsmall&quot;,&quot;def&quot;:&quot;xsmall&quot;},&quot;bt_bb_align_&quot;:{&quot;current_class&quot;:&quot;bt_bb_align_inherit&quot;,&quot;def&quot;:&quot;inherit&quot;}}\"><span  data-ico-dripicons=\"&#xe98e;\" class=\"bt_bb_icon_holder\"><span>+90 (212) 275 85 95<\/span><\/span><\/div><div class=\"bt_bb_separator bt_bb_border_style_none bt_bb_bottom_spacing_50\" data-bt-override-class=\"null\"><\/div><div  class=\"bt_bb_text\" ><\/p>\n<p>Follow us:<\/p>\n<p>\n<\/div><div class=\"bt_bb_separator bt_bb_border_style_none bt_bb_bottom_spacing_extra_small\" data-bt-override-class=\"null\"><\/div><div class=\"bt_bb_icon bt_bb_color_scheme_6 bt_bb_style_filled bt_bb_size_small bt_bb_shape_square bt_bb_target_blank bt_bb_text_empty bt_bb_align_inherit\" style=\"; --primary-color:#ffffff; --secondary-color:#bf0301;\" data-bt-override-class=\"{}\"><a href=\"https:\/\/twitter.com\/tsevim\"  target=\"_blank\"   data-ico-fontawesome=\"&#xf099;\" class=\"bt_bb_icon_holder\"><\/a><\/div><div class=\"bt_bb_icon bt_bb_color_scheme_6 bt_bb_style_filled bt_bb_size_small bt_bb_shape_square bt_bb_target_blank bt_bb_text_empty bt_bb_align_inherit\" style=\"; --primary-color:#ffffff; --secondary-color:#bf0301;\" data-bt-override-class=\"{}\"><a href=\"https:\/\/www.linkedin.com\/company\/sevim-hukuk-b%C3%BCrosu\/\"  target=\"_blank\"   data-ico-fontawesome=\"&#xf0e1;\" class=\"bt_bb_icon_holder\"><\/a><\/div><div class=\"bt_bb_separator bt_bb_border_style_none bt_bb_bottom_spacing_medium\" data-bt-override-class=\"null\"><\/div><\/div><\/div><\/div><div  class=\"bt_bb_column col-xl-3 bt_bb_align_left bt_bb_padding_normal\"  data-width=\"3\" data-bt-override-class=\"{}\"><div class=\"bt_bb_column_content bt_bb_vertical_align_bottom bt_bb_color_scheme_\"><div class=\"bt_bb_column_content_inner\"><header class=\"bt_bb_headline bt_bb_color_scheme_2 bt_bb_dash_none bt_bb_superheadline bt_bb_size_small bt_bb_align_inherit bt_bb_supertitle_font_weight_semi-bold btNoHeadline\" style=\"; --primary-color:#191919; --secondary-color:#ffffff;\" data-bt-override-class=\"{}\"><h4 class=\"bt_bb_headline_tag\"><span class=\"bt_bb_headline_superheadline\">LEGAL SERVICES<\/span><\/h4><\/header><div class=\"bt_bb_separator bt_bb_border_style_none bt_bb_bottom_spacing_normal bt_bb_hidden_xs bt_bb_hidden_ms bt_bb_hidden_sm\" data-bt-override-class=\"null\"><\/div><div class=\"bt_bb_separator bt_bb_border_style_none bt_bb_bottom_spacing_normal\" data-bt-override-class=\"null\"><\/div><div class=\"bt_bb_custom_menu bt_bb_direction_vertical\"><div class=\"menu-hizmetler-menu-container\"><ul id=\"menu-hizmetler-menu\" class=\"menu\"><li id=\"menu-item-4238\" class=\"menu-item menu-item-type-post_type menu-item-object-page menu-item-4238\"><a href=\"https:\/\/www.sevim.av.tr\/en\/hizmetler\/is-hukuku\/\">\u0130\u015f Hukuku<\/a><\/li>\n<li id=\"menu-item-4237\" class=\"menu-item menu-item-type-post_type menu-item-object-page menu-item-4237\"><a href=\"https:\/\/www.sevim.av.tr\/en\/hizmetler\/bilisim-hukuku\/\">Bili\u015fim Hukuku<\/a><\/li>\n<li id=\"menu-item-4236\" class=\"menu-item menu-item-type-post_type menu-item-object-page menu-item-4236\"><a href=\"https:\/\/www.sevim.av.tr\/en\/hizmetler\/ticaret-hukuku\/\">Ticaret Hukuku<\/a><\/li>\n<li id=\"menu-item-4239\" class=\"menu-item menu-item-type-post_type menu-item-object-page menu-item-4239\"><a href=\"https:\/\/www.sevim.av.tr\/en\/hizmetler\/sigorta-hukuku\/\">Sigorta Hukuku<\/a><\/li>\n<li id=\"menu-item-4235\" class=\"menu-item menu-item-type-post_type menu-item-object-page menu-item-4235\"><a href=\"https:\/\/www.sevim.av.tr\/en\/hizmetler\/sirketler-hukuku\/\">\u015eirketler Hukuku<\/a><\/li>\n<li id=\"menu-item-4234\" class=\"menu-item menu-item-type-post_type menu-item-object-page menu-item-4234\"><a href=\"https:\/\/www.sevim.av.tr\/en\/hizmetler\/veri-koruma-hukuku\/\">Veri Koruma Hukuku<\/a><\/li>\n<li id=\"menu-item-4233\" class=\"menu-item menu-item-type-post_type menu-item-object-page menu-item-4233\"><a href=\"https:\/\/www.sevim.av.tr\/en\/hizmetler\/fikri-ve-sinai-mulkiyet-hukuku\/\">Fikri ve S\u0131na\u00ee M\u00fclkiyet Hukuku<\/a><\/li>\n<\/ul><\/div><\/div><div class=\"bt_bb_separator bt_bb_border_style_none bt_bb_bottom_spacing_medium\" data-bt-override-class=\"null\"><\/div><\/div><\/div><\/div><div  class=\"bt_bb_column col-xl-3 bt_bb_align_left bt_bb_padding_normal\"  data-width=\"3\" data-bt-override-class=\"{}\"><div class=\"bt_bb_column_content bt_bb_vertical_align_bottom bt_bb_color_scheme_\"><div class=\"bt_bb_column_content_inner\"><header class=\"bt_bb_headline bt_bb_color_scheme_2 bt_bb_dash_none bt_bb_superheadline bt_bb_size_small bt_bb_align_inherit bt_bb_supertitle_font_weight_semi-bold btNoHeadline\" style=\"; --primary-color:#191919; --secondary-color:#ffffff;\" data-bt-override-class=\"{}\"><h4 class=\"bt_bb_headline_tag\"><span class=\"bt_bb_headline_superheadline\">MAIN MENU<\/span><\/h4><\/header><div class=\"bt_bb_separator bt_bb_border_style_none bt_bb_bottom_spacing_normal bt_bb_hidden_xs bt_bb_hidden_ms bt_bb_hidden_sm\" data-bt-override-class=\"null\"><\/div><div class=\"bt_bb_separator bt_bb_border_style_none bt_bb_bottom_spacing_normal\" data-bt-override-class=\"null\"><\/div><div class=\"bt_bb_custom_menu bt_bb_direction_vertical\"><div class=\"menu-ana-menu-container\"><ul id=\"menu-ana-menu\" class=\"menu\"><li id=\"menu-item-3547\" class=\"menu-item menu-item-type-post_type menu-item-object-page menu-item-home menu-item-3547\"><a href=\"https:\/\/www.sevim.av.tr\/en\/\">Home<\/a><\/li>\n<li id=\"menu-item-4618\" class=\"menu-item menu-item-type-post_type menu-item-object-page menu-item-4618\"><a href=\"https:\/\/www.sevim.av.tr\/en\/hakkimizda\/\">About Us<\/a><\/li>\n<li id=\"menu-item-2089\" class=\"menu-item menu-item-type-post_type menu-item-object-page menu-item-2089\"><a href=\"https:\/\/www.sevim.av.tr\/en\/hizmetler\/\">Legal Services<\/a><\/li>\n<li id=\"menu-item-43\" class=\"menu-item menu-item-type-post_type menu-item-object-page menu-item-43\"><a href=\"https:\/\/www.sevim.av.tr\/en\/ekibimiz\/\">Our People<\/a><\/li>\n<li id=\"menu-item-4478\" class=\"menu-item menu-item-type-post_type menu-item-object-page menu-item-4478\"><a href=\"https:\/\/www.sevim.av.tr\/en\/bulten\/\">Bulletin<\/a><\/li>\n<li id=\"menu-item-4619\" class=\"menu-item menu-item-type-post_type menu-item-object-page menu-item-4619\"><a href=\"https:\/\/www.sevim.av.tr\/en\/kariyer\/\">Careers<\/a><\/li>\n<li id=\"menu-item-4106\" class=\"menu-item menu-item-type-custom menu-item-object-custom menu-item-4106\"><a href=\"https:\/\/bulut.microdestek.com.tr:8444\/Siparis_14022024_0925\/muvekkilgiris.aspx\">Client Login<\/a><\/li>\n<li id=\"menu-item-4623\" class=\"trp-language-switcher-container menu-item menu-item-type-post_type menu-item-object-language_switcher current-language-menu-item menu-item-4623\"><a href=\"https:\/\/www.sevim.av.tr\/en\/wp-json\/wp\/v2\/pages\/1602\"><span data-no-translation><span class=\"trp-ls-language-name\">TR<\/span><\/span><\/a><\/li>\n<li id=\"menu-item-4624\" class=\"trp-language-switcher-container menu-item menu-item-type-post_type menu-item-object-language_switcher current-language-menu-item menu-item-4624\"><a href=\"https:\/\/www.sevim.av.tr\/en\/wp-json\/wp\/v2\/pages\/1602\"><span data-no-translation><span class=\"trp-ls-language-name\">EN<\/span><\/span><\/a><\/li>\n<li id=\"menu-item-4783\" class=\"menu-item menu-item-type-custom menu-item-object-custom menu-item-4783\"><a href=\"https:\/\/pos.mokaunited.com\/en\/customerpos\/payment-request?uppc=z0wiNwGOjur9kUeXFRftEw==\">E-Pay<\/a><\/li>\n<\/ul><\/div><\/div><div class=\"bt_bb_separator bt_bb_border_style_none bt_bb_bottom_spacing_medium\" data-bt-override-class=\"null\"><\/div><\/div><\/div><\/div><div  class=\"bt_bb_column col-xl-3 bt_bb_align_left bt_bb_padding_normal\"  data-width=\"3\" data-bt-override-class=\"{}\"><div class=\"bt_bb_column_content bt_bb_vertical_align_bottom bt_bb_color_scheme_\"><div class=\"bt_bb_column_content_inner\"><header class=\"bt_bb_headline bt_bb_color_scheme_2 bt_bb_dash_none bt_bb_superheadline bt_bb_size_small bt_bb_align_inherit bt_bb_supertitle_font_weight_semi-bold btNoHeadline\" style=\"; --primary-color:#191919; --secondary-color:#ffffff;\" data-bt-override-class=\"{}\"><h4 class=\"bt_bb_headline_tag\"><span class=\"bt_bb_headline_superheadline\">LINKS<\/span><\/h4><\/header><div class=\"bt_bb_separator bt_bb_border_style_none bt_bb_bottom_spacing_normal bt_bb_hidden_xs bt_bb_hidden_ms bt_bb_hidden_sm\" data-bt-override-class=\"null\"><\/div><div class=\"bt_bb_custom_menu bt_bb_direction_vertical\"><div class=\"menu-linkler-menu-container\"><ul id=\"menu-linkler-menu\" class=\"menu\"><li id=\"menu-item-1709\" class=\"menu-item menu-item-type-custom menu-item-object-custom menu-item-1709\"><a href=\"http:\/\/www.sevim.av.tr\/en\/gizlilik-politikasi\/\">Privacy Policy<\/a><\/li>\n<li id=\"menu-item-1710\" class=\"menu-item menu-item-type-custom menu-item-object-custom menu-item-1710\"><a href=\"http:\/\/www.sevim.av.tr\/en\/uyari-metni\/\">Disclaimer<\/a><\/li>\n<li id=\"menu-item-1708\" class=\"menu-item menu-item-type-custom menu-item-object-custom menu-item-1708\"><a href=\"http:\/\/www.sevim.av.tr\/en\/cerez-politikasi\/\">Cookie Policy<\/a><\/li>\n<\/ul><\/div><\/div><div class=\"bt_bb_separator bt_bb_border_style_none bt_bb_bottom_spacing_60\" data-bt-override-class=\"null\"><\/div><div  class=\"bt_bb_text\" ><\/p>\n<p><span style=\"color: #999999;\">Your calls may have recorded by Sevim Hukuk B\u00fcrosu, in order to ensure quality standarts and security.<\/span><\/p>\n<p><span style=\"font-size: small;\"><span style=\"color: #ff0000;\">\u00a9 Sevim Law Office 2020<\/span><\/span><\/p>\n<p>\n<\/div><div class=\"bt_bb_separator bt_bb_border_style_none bt_bb_bottom_spacing_medium\" data-bt-override-class=\"null\"><\/div><\/div><\/div><\/div><\/div><\/div><\/div><!-- cell_inner --><\/div><!-- cell --><\/div><!-- port --><\/section>","protected":false},"excerpt":{"rendered":"","protected":false},"author":1,"featured_media":0,"parent":1777,"menu_order":0,"comment_status":"closed","ping_status":"closed","template":"","meta":{"footnotes":""},"class_list":["post-1602","page","type-page","status-publish","hentry"],"yoast_head":"<!-- This site is optimized with the Yoast SEO plugin v27.5 - https:\/\/yoast.com\/product\/yoast-seo-wordpress\/ -->\n<title>Footer - Home 05 - Sevim Hukuk B\u00fcrosu<\/title>\n<meta name=\"robots\" content=\"index, follow, max-snippet:-1, max-image-preview:large, max-video-preview:-1\" \/>\n<link rel=\"canonical\" href=\"https:\/\/www.sevim.av.tr\/en\/home\/footer-home-05\/\" \/>\n<meta property=\"og:locale\" content=\"en_US\" \/>\n<meta property=\"og:type\" content=\"article\" \/>\n<meta property=\"og:title\" content=\"Footer - Home 05 - Sevim Hukuk B\u00fcrosu\" \/>\n<meta property=\"og:url\" content=\"https:\/\/www.sevim.av.tr\/en\/home\/footer-home-05\/\" \/>\n<meta property=\"og:site_name\" content=\"Sevim Hukuk B\u00fcrosu\" \/>\n<meta property=\"article:modified_time\" content=\"2024-04-02T13:58:29+00:00\" \/>\n<meta name=\"twitter:card\" content=\"summary_large_image\" \/>\n<meta name=\"twitter:label1\" content=\"Est. reading time\" \/>\n\t<meta name=\"twitter:data1\" content=\"7 minutes\" \/>\n<script type=\"application\/ld+json\" class=\"yoast-schema-graph\">{\"@context\":\"https:\\\/\\\/schema.org\",\"@graph\":[{\"@type\":\"WebPage\",\"@id\":\"https:\\\/\\\/www.sevim.av.tr\\\/home\\\/footer-home-05\\\/\",\"url\":\"https:\\\/\\\/www.sevim.av.tr\\\/home\\\/footer-home-05\\\/\",\"name\":\"Footer - Home 05 - Sevim Hukuk B\u00fcrosu\",\"isPartOf\":{\"@id\":\"https:\\\/\\\/www.sevim.av.tr\\\/#website\"},\"datePublished\":\"2019-10-07T08:30:01+00:00\",\"dateModified\":\"2024-04-02T13:58:29+00:00\",\"breadcrumb\":{\"@id\":\"https:\\\/\\\/www.sevim.av.tr\\\/home\\\/footer-home-05\\\/#breadcrumb\"},\"inLanguage\":\"en-US\",\"potentialAction\":[{\"@type\":\"ReadAction\",\"target\":[\"https:\\\/\\\/www.sevim.av.tr\\\/home\\\/footer-home-05\\\/\"]}]},{\"@type\":\"BreadcrumbList\",\"@id\":\"https:\\\/\\\/www.sevim.av.tr\\\/home\\\/footer-home-05\\\/#breadcrumb\",\"itemListElement\":[{\"@type\":\"ListItem\",\"position\":1,\"name\":\"Anasayfa\",\"item\":\"https:\\\/\\\/www.sevim.av.tr\\\/\"},{\"@type\":\"ListItem\",\"position\":2,\"name\":\"\u00d6zel: Home\",\"item\":\"https:\\\/\\\/www.sevim.av.tr\\\/home\\\/\"},{\"@type\":\"ListItem\",\"position\":3,\"name\":\"Footer &#8211; Home 05\"}]},{\"@type\":\"WebSite\",\"@id\":\"https:\\\/\\\/www.sevim.av.tr\\\/#website\",\"url\":\"https:\\\/\\\/www.sevim.av.tr\\\/\",\"name\":\"Sevim Hukuk B\u00fcrosu\",\"description\":\"Hukuk G\u00fczel Bir Sanatt\u0131r\",\"publisher\":{\"@id\":\"https:\\\/\\\/www.sevim.av.tr\\\/#organization\"},\"potentialAction\":[{\"@type\":\"SearchAction\",\"target\":{\"@type\":\"EntryPoint\",\"urlTemplate\":\"https:\\\/\\\/www.sevim.av.tr\\\/?s={search_term_string}\"},\"query-input\":{\"@type\":\"PropertyValueSpecification\",\"valueRequired\":true,\"valueName\":\"search_term_string\"}}],\"inLanguage\":\"en-US\"},{\"@type\":\"Organization\",\"@id\":\"https:\\\/\\\/www.sevim.av.tr\\\/#organization\",\"name\":\"Sevim Hukuk B\u00fcrosu\",\"url\":\"https:\\\/\\\/www.sevim.av.tr\\\/\",\"logo\":{\"@type\":\"ImageObject\",\"inLanguage\":\"en-US\",\"@id\":\"https:\\\/\\\/www.sevim.av.tr\\\/#\\\/schema\\\/logo\\\/image\\\/\",\"url\":\"http:\\\/\\\/www.sevim.av.tr\\\/wp-content\\\/uploads\\\/2020\\\/07\\\/kjkjkj.png\",\"contentUrl\":\"http:\\\/\\\/www.sevim.av.tr\\\/wp-content\\\/uploads\\\/2020\\\/07\\\/kjkjkj.png\",\"width\":1000,\"height\":1000,\"caption\":\"Sevim Hukuk B\u00fcrosu\"},\"image\":{\"@id\":\"https:\\\/\\\/www.sevim.av.tr\\\/#\\\/schema\\\/logo\\\/image\\\/\"}}]}<\/script>\n<!-- \/ Yoast SEO plugin. -->","yoast_head_json":{"title":"Footer - Home 05 - Sevim Hukuk B\u00fcrosu","robots":{"index":"index","follow":"follow","max-snippet":"max-snippet:-1","max-image-preview":"max-image-preview:large","max-video-preview":"max-video-preview:-1"},"canonical":"https:\/\/www.sevim.av.tr\/en\/home\/footer-home-05\/","og_locale":"en_US","og_type":"article","og_title":"Footer - Home 05 - Sevim Hukuk B\u00fcrosu","og_url":"https:\/\/www.sevim.av.tr\/en\/home\/footer-home-05\/","og_site_name":"Sevim Hukuk B\u00fcrosu","article_modified_time":"2024-04-02T13:58:29+00:00","twitter_card":"summary_large_image","twitter_misc":{"Est. reading time":"7 minutes"},"schema":{"@context":"https:\/\/schema.org","@graph":[{"@type":"WebPage","@id":"https:\/\/www.sevim.av.tr\/home\/footer-home-05\/","url":"https:\/\/www.sevim.av.tr\/home\/footer-home-05\/","name":"Footer - Home 05 - Sevim Hukuk B\u00fcrosu","isPartOf":{"@id":"https:\/\/www.sevim.av.tr\/#website"},"datePublished":"2019-10-07T08:30:01+00:00","dateModified":"2024-04-02T13:58:29+00:00","breadcrumb":{"@id":"https:\/\/www.sevim.av.tr\/home\/footer-home-05\/#breadcrumb"},"inLanguage":"en-US","potentialAction":[{"@type":"ReadAction","target":["https:\/\/www.sevim.av.tr\/home\/footer-home-05\/"]}]},{"@type":"BreadcrumbList","@id":"https:\/\/www.sevim.av.tr\/home\/footer-home-05\/#breadcrumb","itemListElement":[{"@type":"ListItem","position":1,"name":"Anasayfa","item":"https:\/\/www.sevim.av.tr\/"},{"@type":"ListItem","position":2,"name":"\u00d6zel: Home","item":"https:\/\/www.sevim.av.tr\/home\/"},{"@type":"ListItem","position":3,"name":"Footer &#8211; Home 05"}]},{"@type":"WebSite","@id":"https:\/\/www.sevim.av.tr\/#website","url":"https:\/\/www.sevim.av.tr\/","name":"Sevim Law Office","description":"Hukuk G\u00fczel Bir Sanatt\u0131r","publisher":{"@id":"https:\/\/www.sevim.av.tr\/#organization"},"potentialAction":[{"@type":"SearchAction","target":{"@type":"EntryPoint","urlTemplate":"https:\/\/www.sevim.av.tr\/?s={search_term_string}"},"query-input":{"@type":"PropertyValueSpecification","valueRequired":true,"valueName":"search_term_string"}}],"inLanguage":"en-US"},{"@type":"Organization","@id":"https:\/\/www.sevim.av.tr\/#organization","name":"Sevim Law Office","url":"https:\/\/www.sevim.av.tr\/","logo":{"@type":"ImageObject","inLanguage":"en-US","@id":"https:\/\/www.sevim.av.tr\/#\/schema\/logo\/image\/","url":"http:\/\/www.sevim.av.tr\/wp-content\/uploads\/2020\/07\/kjkjkj.png","contentUrl":"http:\/\/www.sevim.av.tr\/wp-content\/uploads\/2020\/07\/kjkjkj.png","width":1000,"height":1000,"caption":"Sevim Hukuk B\u00fcrosu"},"image":{"@id":"https:\/\/www.sevim.av.tr\/#\/schema\/logo\/image\/"}}]}},"_links":{"self":[{"href":"https:\/\/www.sevim.av.tr\/en\/wp-json\/wp\/v2\/pages\/1602","targetHints":{"allow":["GET"]}}],"collection":[{"href":"https:\/\/www.sevim.av.tr\/en\/wp-json\/wp\/v2\/pages"}],"about":[{"href":"https:\/\/www.sevim.av.tr\/en\/wp-json\/wp\/v2\/types\/page"}],"author":[{"embeddable":true,"href":"https:\/\/www.sevim.av.tr\/en\/wp-json\/wp\/v2\/users\/1"}],"replies":[{"embeddable":true,"href":"https:\/\/www.sevim.av.tr\/en\/wp-json\/wp\/v2\/comments?post=1602"}],"version-history":[{"count":32,"href":"https:\/\/www.sevim.av.tr\/en\/wp-json\/wp\/v2\/pages\/1602\/revisions"}],"predecessor-version":[{"id":4825,"href":"https:\/\/www.sevim.av.tr\/en\/wp-json\/wp\/v2\/pages\/1602\/revisions\/4825"}],"up":[{"embeddable":true,"href":"https:\/\/www.sevim.av.tr\/en\/wp-json\/wp\/v2\/pages\/1777"}],"wp:attachment":[{"href":"https:\/\/www.sevim.av.tr\/en\/wp-json\/wp\/v2\/media?parent=1602"}],"curies":[{"name":"wp","href":"https:\/\/api.w.org\/{rel}","templated":true}]}}