{"id":2085,"date":"2019-10-21T08:48:03","date_gmt":"2019-10-21T08:48:03","guid":{"rendered":"http:\/\/goldenblatt.bold-themes.com\/main-demo\/?page_id=2085"},"modified":"2020-10-25T17:48:29","modified_gmt":"2020-10-25T17:48:29","slug":"hakkimizda","status":"publish","type":"page","link":"https:\/\/www.sevim.av.tr\/en\/hakkimizda\/","title":{"rendered":"About Us"},"content":{"rendered":"<p><section id=\"bt_bb_section69ea0c0ccd443\" class=\"bt_bb_section bt_bb_color_scheme_10 bt_bb_layout_boxed_1200 bt_bb_vertical_align_top bt_bb_top_spacing_large bt_bb_bottom_spacing_large\" style=\"; --section-primary-color:#ffffff; --section-secondary-color:#0e111c;;background-color:#0f1625;\" data-bt-override-class=\"null\"><div class=\"bt_bb_background_image_holder_wrapper\"><div class=\"bt_bb_background_image_holder btLazyLoadBackground\"  data-background_image_src=\"https:\/\/www.sevim.av.tr\/wp-content\/uploads\/2020\/10\/sadasd.png\" data-parallax-zoom-start=\"1\" data-parallax-zoom-end=\"1\" data-parallax-blur-start=\"0\" data-parallax-blur-end=\"0\" data-parallax-opacity-start=\"1\" data-parallax-opacity-end=\"1\" style=\" background-image: url(&#039;https:\/\/www.sevim.av.tr\/wp-content\/plugins\/bold-page-builder\/img\/blank.gif&#039;);\"><\/div><\/div><div class=\"bt_bb_port\"><div class=\"bt_bb_cell\"><div class=\"bt_bb_cell_inner\"><div class=\"bt_bb_row\"  data-bt-override-class=\"{}\"><div class=\"bt_bb_row_holder\" ><div  class=\"bt_bb_column col-xl-3 bt_bb_align_left bt_bb_padding_normal\"  data-width=\"3\" data-bt-override-class=\"{}\"><div class=\"bt_bb_column_content bt_bb_vertical_align_top bt_bb_color_scheme_\"><div class=\"bt_bb_column_content_inner\"><\/div><\/div><\/div><div  class=\"bt_bb_column col-xl-6 bt_bb_align_center bt_bb_padding_50\"  data-width=\"6\" data-bt-override-class=\"{}\"><div class=\"bt_bb_column_content bt_bb_vertical_align_middle bt_bb_color_scheme_\"><div class=\"bt_bb_column_content_inner\"><div class=\"bt_bb_separator bt_bb_border_style_none bt_bb_bottom_spacing_medium bt_bb_hidden_xs bt_bb_hidden_ms bt_bb_hidden_sm\" data-bt-override-class=\"null\"><\/div><header class=\"bt_bb_headline bt_bb_color_scheme_6 bt_bb_dash_none bt_bb_size_extralarge bt_bb_align_inherit\" style=\"; --primary-color:#ffffff; --secondary-color:#bf0301;\" data-bt-override-class=\"{}\"><h2 class=\"bt_bb_headline_tag\"><span class=\"bt_bb_headline_content\"><span>About Us<\/span><\/span><\/h2><\/header><div class=\"bt_bb_separator bt_bb_border_style_none bt_bb_bottom_spacing_large bt_bb_hidden_xs bt_bb_hidden_ms bt_bb_hidden_sm\" data-bt-override-class=\"null\"><\/div><\/div><\/div><\/div><div  class=\"bt_bb_column col-xl-3 bt_bb_align_left bt_bb_padding_normal\"  data-width=\"3\" data-bt-override-class=\"{}\"><div class=\"bt_bb_column_content bt_bb_vertical_align_top bt_bb_color_scheme_\"><div class=\"bt_bb_column_content_inner\"><\/div><\/div><\/div><\/div><\/div><\/div><!-- cell_inner --><\/div><!-- cell --><\/div><!-- port --><\/section><section id=\"bt_bb_section69ea0c0ccd843\" class=\"bt_bb_section bt_bb_layout_wide bt_bb_vertical_align_top bt_bb_negative_margin_large\"  data-bt-override-class=\"null\"><div class=\"bt_bb_port\"><div class=\"bt_bb_cell\"><div class=\"bt_bb_cell_inner\"><div class=\"bt_bb_row  bt_bb_layout_special btOverlapRight\"  data-bt-override-class=\"{}\"><div class=\"bt_bb_row_holder\" ><div  class=\"bt_bb_column col-xl-6 bt_bb_align_left bt_bb_padding_normal\"  data-width=\"6\" data-bt-override-class=\"{}\"><div class=\"bt_bb_column_content bt_bb_vertical_align_top bt_bb_color_scheme_ bt_bb_column_background_image\" style=\"background-image:url(&#039;https:\/\/www.sevim.av.tr\/wp-content\/uploads\/2020\/10\/lelele.png&#039;);\"><div class=\"bt_bb_column_content_inner\"><div class=\"bt_bb_separator bt_bb_border_style_none bt_bb_bottom_spacing_extra_large\" data-bt-override-class=\"null\"><\/div><\/div><\/div><\/div><div  class=\"bt_bb_column col-xl-6 btWithIcon bt_bb_align_left bt_bb_icon_color_scheme_6 bt_bb_padding_normal\" style=\"; --column-icon-primary-color:#ffffff; --column-icon-secondary-color:#bf0301;\" data-width=\"6\" data-bt-override-class=\"{}\"><div class=\"bt_bb_column_content bt_bb_vertical_align_top bt_bb_color_scheme_\"><div class=\"bt_bb_column_icon\"><span  data-ico-dripicons=\"&#xe967;\" class=\"bt_bb_icon_holder\"><\/span><\/div><div class=\"bt_bb_column_content_inner\"><div  class=\"bt_bb_text\" ><\/p>\n<p class=\"p1\">2004 y\u0131l\u0131nda Av. Taner Sevim ve Av. Serpil Sevim taraf\u0131ndan kurulan <b>Sevim Law Office<\/b>, yerli ve yabanc\u0131 \u015firketlere, kurumlara ve bireylere, \u0130ngilizce ve T\u00fcrk\u00e7e dillerinde, \u00f6ncelikle uzla\u015fmac\u0131 \u00e7\u00f6z\u00fcm yollar\u0131n\u0131 deneyerek, h\u0131zl\u0131 ve etkili sonu\u00e7lar verecek nitelikte hukuki dan\u0131\u015fmanl\u0131k hizmeti vermektedir.<\/p>\n<p class=\"p1\"><b>Sevim Law Office<\/b>, m\u00fcvekkillerin faaliyet alanlar\u0131n\u0131 dikkate alarak, m\u00fcvekkil ile birebir temas kurarak ve yine onlar\u0131n ihtiya\u00e7lar\u0131 do\u011frultusunda, mesleki ve etik kurallara ba\u011fl\u0131 kalarak do\u011fmu\u015f veya do\u011fabilecek uyu\u015fmazl\u0131klara ili\u015fkin en ak\u0131lc\u0131 \u00e7\u00f6z\u00fcm yollar\u0131n\u0131 \u00f6nermektedir.<\/p>\n<p>\n<\/div><div class=\"bt_bb_separator bt_bb_border_style_none bt_bb_top_spacing_small bt_bb_bottom_spacing_normal\" data-bt-override-class=\"null\"><\/div><\/div><\/div><\/div><\/div><\/div><\/div><!-- cell_inner --><\/div><!-- cell --><\/div><!-- port --><\/section><section id=\"bt_bb_section69ea0c0ccdf8d\" class=\"bt_bb_section bt_bb_layout_wide bt_bb_vertical_align_top bt_bb_negative_margin_large\"  data-bt-override-class=\"null\"><div class=\"bt_bb_port\"><div class=\"bt_bb_cell\"><div class=\"bt_bb_cell_inner\"><div class=\"bt_bb_row  bt_bb_layout_special btOverlapRight\"  data-bt-override-class=\"{}\"><div class=\"bt_bb_row_holder\" ><div  class=\"bt_bb_column col-xl-6 bt_bb_align_left bt_bb_icon_color_scheme_6 bt_bb_padding_normal\" style=\"; --column-icon-primary-color:#ffffff; --column-icon-secondary-color:#bf0301;\" data-width=\"6\" data-bt-override-class=\"{}\"><div class=\"bt_bb_column_content bt_bb_vertical_align_top bt_bb_color_scheme_\"><div class=\"bt_bb_column_content_inner\"><div  class=\"bt_bb_text\" ><\/p>\n<p class=\"p1\"><b>Sevim Law Office<\/b>, alan\u0131nda uzman ve deneyimli Avukat kadrosu ile hukukun her alan\u0131nda devaml\u0131 olarak kendini geli\u015ftirerek hizmet vermeyi, her t\u00fcrl\u00fc hukuki uyu\u015fmazl\u0131k, soru ve sorunlarda g\u00fcncel mevzuat ve uygulamay\u0131 dikkate alarak m\u00fcvekkilinin t\u00fcm hukuki gereksinimlerini kar\u015f\u0131lamay\u0131 ilke edinmi\u015ftir.<\/p>\n<p class=\"p1\">Ba\u015fl\u0131ca faaliyet alanlar\u0131m\u0131z; \u0130\u015f Hukuku, Bili\u015fim Hukuku, \u015eirketler Hukuku, Ticaret Hukuku, Veri Koruma Hukuku, Fikri ve S\u0131nai M\u00fclkiyet Hukuku, E-Ticaret ve T\u00fcketici Hukuku, \u0130cra ve \u0130flas Hukuku\u2019dur.<\/p>\n<p>\n<\/div><div class=\"bt_bb_separator bt_bb_border_style_none bt_bb_top_spacing_small bt_bb_bottom_spacing_normal\" data-bt-override-class=\"null\"><\/div><div class=\"bt_bb_button bt_bb_color_scheme_3 bt_bb_style_clean bt_bb_size_large bt_bb_width_inline bt_bb_shape_inherit bt_bb_align_inherit\" style=\"; --button-primary-color:#bf0301; --button-secondary-color:#191919;\" data-bt-override-class=\"{}\"><a href=\"https:\/\/www.sevim.av.tr\/en\/ekibimiz\/\" target=\"_self\" class=\"bt_bb_link\" title=\"MEET OUR PEOPLE\"><span class=\"bt_bb_button_text\">MEET OUR PEOPLE<\/span><\/a><\/div><\/div><\/div><\/div><div  class=\"bt_bb_column col-xl-6 bt_bb_align_left bt_bb_icon_color_scheme_6 bt_bb_padding_normal\" style=\"; --column-icon-primary-color:#ffffff; --column-icon-secondary-color:#bf0301;\" data-width=\"6\" data-bt-override-class=\"{}\"><div class=\"bt_bb_column_content bt_bb_vertical_align_top bt_bb_color_scheme_ bt_bb_column_background_image\" style=\"background-image:url(&#039;https:\/\/www.sevim.av.tr\/wp-content\/uploads\/2020\/10\/lelo\u0308lelo\u0308.png&#039;);\"><div class=\"bt_bb_column_content_inner\"><div class=\"bt_bb_separator bt_bb_border_style_none bt_bb_bottom_spacing_extra_large\" data-bt-override-class=\"null\"><\/div><\/div><\/div><\/div><\/div><\/div><\/div><!-- cell_inner --><\/div><!-- cell --><\/div><!-- port --><\/section><\/p>","protected":false},"excerpt":{"rendered":"","protected":false},"author":1,"featured_media":0,"parent":0,"menu_order":0,"comment_status":"closed","ping_status":"closed","template":"","meta":{"footnotes":""},"class_list":["post-2085","page","type-page","status-publish","hentry"],"yoast_head":"<!-- This site is optimized with the Yoast SEO plugin v27.2 - https:\/\/yoast.com\/product\/yoast-seo-wordpress\/ -->\n<title>Hakk\u0131m\u0131zda - Sevim Hukuk B\u00fcrosu<\/title>\n<meta name=\"robots\" content=\"index, follow, max-snippet:-1, max-image-preview:large, max-video-preview:-1\" \/>\n<link rel=\"canonical\" href=\"https:\/\/www.sevim.av.tr\/en\/hakkimizda\/\" \/>\n<meta property=\"og:locale\" content=\"en_US\" \/>\n<meta property=\"og:type\" content=\"article\" \/>\n<meta property=\"og:title\" content=\"Hakk\u0131m\u0131zda - Sevim Hukuk B\u00fcrosu\" \/>\n<meta property=\"og:url\" content=\"https:\/\/www.sevim.av.tr\/en\/hakkimizda\/\" \/>\n<meta property=\"og:site_name\" content=\"Sevim Hukuk B\u00fcrosu\" \/>\n<meta property=\"article:modified_time\" content=\"2020-10-25T17:48:29+00:00\" \/>\n<meta name=\"twitter:card\" content=\"summary_large_image\" \/>\n<meta name=\"twitter:label1\" content=\"Est. reading time\" \/>\n\t<meta name=\"twitter:data1\" content=\"5 minutes\" \/>\n<script type=\"application\/ld+json\" class=\"yoast-schema-graph\">{\"@context\":\"https:\/\/schema.org\",\"@graph\":[{\"@type\":\"WebPage\",\"@id\":\"https:\/\/www.sevim.av.tr\/hakkimizda\/\",\"url\":\"https:\/\/www.sevim.av.tr\/hakkimizda\/\",\"name\":\"Hakk\u0131m\u0131zda - Sevim Hukuk B\u00fcrosu\",\"isPartOf\":{\"@id\":\"https:\/\/www.sevim.av.tr\/#website\"},\"datePublished\":\"2019-10-21T08:48:03+00:00\",\"dateModified\":\"2020-10-25T17:48:29+00:00\",\"breadcrumb\":{\"@id\":\"https:\/\/www.sevim.av.tr\/hakkimizda\/#breadcrumb\"},\"inLanguage\":\"en-US\",\"potentialAction\":[{\"@type\":\"ReadAction\",\"target\":[\"https:\/\/www.sevim.av.tr\/hakkimizda\/\"]}]},{\"@type\":\"BreadcrumbList\",\"@id\":\"https:\/\/www.sevim.av.tr\/hakkimizda\/#breadcrumb\",\"itemListElement\":[{\"@type\":\"ListItem\",\"position\":1,\"name\":\"Anasayfa\",\"item\":\"https:\/\/www.sevim.av.tr\/\"},{\"@type\":\"ListItem\",\"position\":2,\"name\":\"Hakk\u0131m\u0131zda\"}]},{\"@type\":\"WebSite\",\"@id\":\"https:\/\/www.sevim.av.tr\/#website\",\"url\":\"https:\/\/www.sevim.av.tr\/\",\"name\":\"Sevim Hukuk B\u00fcrosu\",\"description\":\"Hukuk G\u00fczel Bir Sanatt\u0131r\",\"publisher\":{\"@id\":\"https:\/\/www.sevim.av.tr\/#organization\"},\"potentialAction\":[{\"@type\":\"SearchAction\",\"target\":{\"@type\":\"EntryPoint\",\"urlTemplate\":\"https:\/\/www.sevim.av.tr\/?s={search_term_string}\"},\"query-input\":{\"@type\":\"PropertyValueSpecification\",\"valueRequired\":true,\"valueName\":\"search_term_string\"}}],\"inLanguage\":\"en-US\"},{\"@type\":\"Organization\",\"@id\":\"https:\/\/www.sevim.av.tr\/#organization\",\"name\":\"Sevim Hukuk B\u00fcrosu\",\"url\":\"https:\/\/www.sevim.av.tr\/\",\"logo\":{\"@type\":\"ImageObject\",\"inLanguage\":\"en-US\",\"@id\":\"https:\/\/www.sevim.av.tr\/#\/schema\/logo\/image\/\",\"url\":\"http:\/\/www.sevim.av.tr\/wp-content\/uploads\/2020\/07\/kjkjkj.png\",\"contentUrl\":\"http:\/\/www.sevim.av.tr\/wp-content\/uploads\/2020\/07\/kjkjkj.png\",\"width\":1000,\"height\":1000,\"caption\":\"Sevim Hukuk B\u00fcrosu\"},\"image\":{\"@id\":\"https:\/\/www.sevim.av.tr\/#\/schema\/logo\/image\/\"}}]}<\/script>\n<!-- \/ Yoast SEO plugin. -->","yoast_head_json":{"title":"Hakk\u0131m\u0131zda - Sevim Hukuk B\u00fcrosu","robots":{"index":"index","follow":"follow","max-snippet":"max-snippet:-1","max-image-preview":"max-image-preview:large","max-video-preview":"max-video-preview:-1"},"canonical":"https:\/\/www.sevim.av.tr\/en\/hakkimizda\/","og_locale":"en_US","og_type":"article","og_title":"Hakk\u0131m\u0131zda - Sevim Hukuk B\u00fcrosu","og_url":"https:\/\/www.sevim.av.tr\/en\/hakkimizda\/","og_site_name":"Sevim Hukuk B\u00fcrosu","article_modified_time":"2020-10-25T17:48:29+00:00","twitter_card":"summary_large_image","twitter_misc":{"Est. reading time":"5 minutes"},"schema":{"@context":"https:\/\/schema.org","@graph":[{"@type":"WebPage","@id":"https:\/\/www.sevim.av.tr\/hakkimizda\/","url":"https:\/\/www.sevim.av.tr\/hakkimizda\/","name":"Hakk\u0131m\u0131zda - Sevim Hukuk B\u00fcrosu","isPartOf":{"@id":"https:\/\/www.sevim.av.tr\/#website"},"datePublished":"2019-10-21T08:48:03+00:00","dateModified":"2020-10-25T17:48:29+00:00","breadcrumb":{"@id":"https:\/\/www.sevim.av.tr\/hakkimizda\/#breadcrumb"},"inLanguage":"en-US","potentialAction":[{"@type":"ReadAction","target":["https:\/\/www.sevim.av.tr\/hakkimizda\/"]}]},{"@type":"BreadcrumbList","@id":"https:\/\/www.sevim.av.tr\/hakkimizda\/#breadcrumb","itemListElement":[{"@type":"ListItem","position":1,"name":"Anasayfa","item":"https:\/\/www.sevim.av.tr\/"},{"@type":"ListItem","position":2,"name":"Hakk\u0131m\u0131zda"}]},{"@type":"WebSite","@id":"https:\/\/www.sevim.av.tr\/#website","url":"https:\/\/www.sevim.av.tr\/","name":"Sevim Law Office","description":"Hukuk G\u00fczel Bir Sanatt\u0131r","publisher":{"@id":"https:\/\/www.sevim.av.tr\/#organization"},"potentialAction":[{"@type":"SearchAction","target":{"@type":"EntryPoint","urlTemplate":"https:\/\/www.sevim.av.tr\/?s={search_term_string}"},"query-input":{"@type":"PropertyValueSpecification","valueRequired":true,"valueName":"search_term_string"}}],"inLanguage":"en-US"},{"@type":"Organization","@id":"https:\/\/www.sevim.av.tr\/#organization","name":"Sevim Law Office","url":"https:\/\/www.sevim.av.tr\/","logo":{"@type":"ImageObject","inLanguage":"en-US","@id":"https:\/\/www.sevim.av.tr\/#\/schema\/logo\/image\/","url":"http:\/\/www.sevim.av.tr\/wp-content\/uploads\/2020\/07\/kjkjkj.png","contentUrl":"http:\/\/www.sevim.av.tr\/wp-content\/uploads\/2020\/07\/kjkjkj.png","width":1000,"height":1000,"caption":"Sevim Hukuk B\u00fcrosu"},"image":{"@id":"https:\/\/www.sevim.av.tr\/#\/schema\/logo\/image\/"}}]}},"_links":{"self":[{"href":"https:\/\/www.sevim.av.tr\/en\/wp-json\/wp\/v2\/pages\/2085","targetHints":{"allow":["GET"]}}],"collection":[{"href":"https:\/\/www.sevim.av.tr\/en\/wp-json\/wp\/v2\/pages"}],"about":[{"href":"https:\/\/www.sevim.av.tr\/en\/wp-json\/wp\/v2\/types\/page"}],"author":[{"embeddable":true,"href":"https:\/\/www.sevim.av.tr\/en\/wp-json\/wp\/v2\/users\/1"}],"replies":[{"embeddable":true,"href":"https:\/\/www.sevim.av.tr\/en\/wp-json\/wp\/v2\/comments?post=2085"}],"version-history":[{"count":22,"href":"https:\/\/www.sevim.av.tr\/en\/wp-json\/wp\/v2\/pages\/2085\/revisions"}],"predecessor-version":[{"id":4285,"href":"https:\/\/www.sevim.av.tr\/en\/wp-json\/wp\/v2\/pages\/2085\/revisions\/4285"}],"wp:attachment":[{"href":"https:\/\/www.sevim.av.tr\/en\/wp-json\/wp\/v2\/media?parent=2085"}],"curies":[{"name":"wp","href":"https:\/\/api.w.org\/{rel}","templated":true}]}}