{"id":4170,"date":"2020-10-15T10:48:28","date_gmt":"2020-10-15T10:48:28","guid":{"rendered":"http:\/\/www.sevim.av.tr\/?page_id=4170"},"modified":"2020-10-15T10:51:00","modified_gmt":"2020-10-15T10:51:00","slug":"ticaret-hukuku","status":"publish","type":"page","link":"https:\/\/www.sevim.av.tr\/en\/hizmetler\/ticaret-hukuku\/","title":{"rendered":"Ticaret Hukuku"},"content":{"rendered":"<p><section id=\"bt_bb_section69e9fb17d424a\" class=\"bt_bb_section bt_bb_color_scheme_1 bt_bb_layout_boxed_1200 bt_bb_vertical_align_top bt_bb_top_spacing_large bt_bb_bottom_spacing_large\" style=\"; --section-primary-color:#ffffff; --section-secondary-color:#191919;\" data-bt-override-class=\"null\"><div class=\"bt_bb_background_image_holder_wrapper\"><div class=\"bt_bb_background_image_holder bt_bb_parallax\"  data-parallax=\"0.7\" data-parallax-offset=\"0\" data-parallax-zoom-start=\"1\" data-parallax-zoom-end=\"1\" data-parallax-blur-start=\"0\" data-parallax-blur-end=\"0\" data-parallax-opacity-start=\"1\" data-parallax-opacity-end=\"1\" style=\" background-image:url(&#039;https:\/\/www.sevim.av.tr\/wp-content\/uploads\/2020\/10\/sadasd.png&#039;);\"><\/div><\/div><div class=\"bt_bb_port\"><div class=\"bt_bb_cell\"><div class=\"bt_bb_cell_inner\"><div class=\"bt_bb_row\"  data-bt-override-class=\"{}\"><div class=\"bt_bb_row_holder\" ><div  class=\"bt_bb_column col-xl-2 bt_bb_align_left bt_bb_padding_normal\"  data-width=\"2\" data-bt-override-class=\"{}\"><div class=\"bt_bb_column_content bt_bb_vertical_align_top bt_bb_color_scheme_\"><div class=\"bt_bb_column_content_inner\"><\/div><\/div><\/div><div  class=\"bt_bb_column col-xl-8 bt_bb_align_center bt_bb_padding_normal\"  data-width=\"8\" data-bt-override-class=\"{}\"><div class=\"bt_bb_column_content bt_bb_vertical_align_top bt_bb_color_scheme_\"><div class=\"bt_bb_column_content_inner\"><div class=\"bt_bb_separator bt_bb_border_style_none bt_bb_bottom_spacing_large\" data-bt-override-class=\"null\"><\/div><header class=\"bt_bb_headline bt_bb_color_scheme_6 bt_bb_dash_top bt_bb_size_large bt_bb_align_inherit\" style=\"; --primary-color:#ffffff; --secondary-color:#bf0301;\" data-bt-override-class=\"{}\"><h3 class=\"bt_bb_headline_tag\"><span class=\"bt_bb_headline_content\"><span>Commerce <strong>Law<\/strong><\/span><\/span><\/h3><\/header><div class=\"bt_bb_separator bt_bb_border_style_none bt_bb_bottom_spacing_normal\" data-bt-override-class=\"null\"><\/div><\/div><\/div><\/div><div  class=\"bt_bb_column col-xl-2 bt_bb_align_left bt_bb_padding_normal\"  data-width=\"2\" data-bt-override-class=\"{}\"><div class=\"bt_bb_column_content bt_bb_vertical_align_top bt_bb_color_scheme_\"><div class=\"bt_bb_column_content_inner\"><\/div><\/div><\/div><\/div><\/div><\/div><!-- cell_inner --><\/div><!-- cell --><\/div><!-- port --><\/section><section id=\"bt_bb_section69e9fb17dd8f5\" class=\"bt_bb_section bt_bb_layout_boxed_1200\"  data-bt-override-class=\"null\"><div class=\"bt_bb_port\"><div class=\"bt_bb_cell\"><div class=\"bt_bb_cell_inner\"><div class=\"bt_bb_row\"  data-bt-override-class=\"{}\"><div class=\"bt_bb_row_holder\" ><div  class=\"bt_bb_column col-xl-12 bt_bb_align_left bt_bb_padding_normal\"  data-width=\"12\" data-bt-override-class=\"{}\"><div class=\"bt_bb_column_content bt_bb_vertical_align_top bt_bb_color_scheme_\"><div class=\"bt_bb_column_content_inner\"><div class=\"bt_bb_separator bt_bb_border_style_none bt_bb_top_spacing_25\" data-bt-override-class=\"null\"><\/div><\/div><\/div><\/div><\/div><\/div><div class=\"bt_bb_row\"  data-bt-override-class=\"{}\"><div class=\"bt_bb_row_holder\" ><div  class=\"bt_bb_column col-xl-12 bt_bb_align_left bt_bb_padding_normal\"  data-width=\"12\" data-bt-override-class=\"{}\"><div class=\"bt_bb_column_content bt_bb_vertical_align_top bt_bb_color_scheme_\"><div class=\"bt_bb_column_content_inner\"><div  class=\"bt_bb_text\" ><\/p>\n<p style=\"color: #bf0301;\"><strong><span style=\"font-size: medium;\">T\u0130CARET HUKUKU;<\/span><\/strong><\/p>\n<p class=\"p1\">Sevim Hukuk B\u00fcrosu nezdinde yo\u011funluklu olarak Ticaret Hukuku alan\u0131nda yerli ve yabanc\u0131 m\u00fcvekkillerimize hukuki dan\u0131\u015fmanl\u0131k ve dava takibi hizmeti vermekteyiz. G\u00fcncel geli\u015fmeler \u0131\u015f\u0131\u011f\u0131nda m\u00fcvekkillerimizin faaliyet alanlar\u0131nda olu\u015fabilecek riskleri g\u00f6zeterek, m\u00fcvekkillerimiz i\u00e7in en yararl\u0131 \u00e7\u00f6z\u00fcme onlar\u0131 ula\u015ft\u0131rma amac\u0131n\u0131 ta\u015f\u0131yoruz.<\/p>\n<p class=\"p1\">Ticaret Hukuku alan\u0131nda uzman kadromuz taraf\u0131ndan verilen hukuki hizmetlerimiz ba\u015fl\u0131ca \u015fu \u015fekildedir;<\/p>\n<ul class=\"ul1\">\n<li class=\"li1\">Ticaret Hukuku alan\u0131ndaki her t\u00fcrl\u00fc soruna h\u0131zl\u0131, g\u00fcncel geli\u015fmeler do\u011frultusunda ve akademik d\u00fczeyde hukuki dan\u0131\u015fmanl\u0131k,<\/li>\n<li class=\"li1\">\u0130ngilizce ve T\u00fcrk\u00e7e olmak \u00fczere ulusal ve uluslar aras\u0131 mevzuat\u0131 ilgilendiren s\u00f6zle\u015fmelerin titizlikle incelenerek d\u00fczenlenmesi veya haz\u0131rlanmas\u0131,<\/li>\n<li class=\"li1\">Zorunlu ve ihtiyari arabuluculuk ba\u015fvurular\u0131n\u0131n yap\u0131lmas\u0131 ve s\u00fcrecin takibi,<\/li>\n<li class=\"li1\">Dava ve icra takiplerinin a\u00e7\u0131lmas\u0131 ve takibi,<\/li>\n<\/ul>\n<p>\n<\/div><\/div><\/div><\/div><\/div><\/div><div class=\"bt_bb_row\"  data-bt-override-class=\"{}\"><div class=\"bt_bb_row_holder\" ><div  class=\"bt_bb_column col-xl-12 bt_bb_align_left bt_bb_padding_normal\"  data-width=\"12\" data-bt-override-class=\"{}\"><div class=\"bt_bb_column_content bt_bb_vertical_align_top bt_bb_color_scheme_\"><div class=\"bt_bb_column_content_inner\"><div class=\"bt_bb_separator bt_bb_border_style_none bt_bb_bottom_spacing_medium\" data-bt-override-class=\"null\"><\/div><\/div><\/div><\/div><\/div><\/div><\/div><!-- cell_inner --><\/div><!-- cell --><\/div><!-- port --><\/section><\/p>","protected":false},"excerpt":{"rendered":"","protected":false},"author":1,"featured_media":0,"parent":2083,"menu_order":0,"comment_status":"closed","ping_status":"closed","template":"","meta":{"footnotes":""},"class_list":["post-4170","page","type-page","status-publish","hentry"],"yoast_head":"<!-- This site is optimized with the Yoast SEO plugin v27.2 - https:\/\/yoast.com\/product\/yoast-seo-wordpress\/ -->\n<title>Ticaret Hukuku - Sevim Hukuk B\u00fcrosu<\/title>\n<meta name=\"robots\" content=\"index, follow, max-snippet:-1, max-image-preview:large, max-video-preview:-1\" \/>\n<link rel=\"canonical\" href=\"https:\/\/www.sevim.av.tr\/en\/hizmetler\/ticaret-hukuku\/\" \/>\n<meta property=\"og:locale\" content=\"en_US\" \/>\n<meta property=\"og:type\" content=\"article\" \/>\n<meta property=\"og:title\" content=\"Ticaret Hukuku - Sevim Hukuk B\u00fcrosu\" \/>\n<meta property=\"og:url\" content=\"https:\/\/www.sevim.av.tr\/en\/hizmetler\/ticaret-hukuku\/\" \/>\n<meta property=\"og:site_name\" content=\"Sevim Hukuk B\u00fcrosu\" \/>\n<meta property=\"article:modified_time\" content=\"2020-10-15T10:51:00+00:00\" \/>\n<meta name=\"twitter:card\" content=\"summary_large_image\" \/>\n<meta name=\"twitter:label1\" content=\"Est. reading time\" \/>\n\t<meta name=\"twitter:data1\" content=\"3 minutes\" \/>\n<script type=\"application\/ld+json\" class=\"yoast-schema-graph\">{\"@context\":\"https:\/\/schema.org\",\"@graph\":[{\"@type\":\"WebPage\",\"@id\":\"https:\/\/www.sevim.av.tr\/hizmetler\/ticaret-hukuku\/\",\"url\":\"https:\/\/www.sevim.av.tr\/hizmetler\/ticaret-hukuku\/\",\"name\":\"Ticaret Hukuku - Sevim Hukuk B\u00fcrosu\",\"isPartOf\":{\"@id\":\"https:\/\/www.sevim.av.tr\/#website\"},\"datePublished\":\"2020-10-15T10:48:28+00:00\",\"dateModified\":\"2020-10-15T10:51:00+00:00\",\"breadcrumb\":{\"@id\":\"https:\/\/www.sevim.av.tr\/hizmetler\/ticaret-hukuku\/#breadcrumb\"},\"inLanguage\":\"en-US\",\"potentialAction\":[{\"@type\":\"ReadAction\",\"target\":[\"https:\/\/www.sevim.av.tr\/hizmetler\/ticaret-hukuku\/\"]}]},{\"@type\":\"BreadcrumbList\",\"@id\":\"https:\/\/www.sevim.av.tr\/hizmetler\/ticaret-hukuku\/#breadcrumb\",\"itemListElement\":[{\"@type\":\"ListItem\",\"position\":1,\"name\":\"Anasayfa\",\"item\":\"https:\/\/www.sevim.av.tr\/\"},{\"@type\":\"ListItem\",\"position\":2,\"name\":\"Hizmetler\",\"item\":\"https:\/\/www.sevim.av.tr\/hizmetler\/\"},{\"@type\":\"ListItem\",\"position\":3,\"name\":\"Ticaret Hukuku\"}]},{\"@type\":\"WebSite\",\"@id\":\"https:\/\/www.sevim.av.tr\/#website\",\"url\":\"https:\/\/www.sevim.av.tr\/\",\"name\":\"Sevim Hukuk B\u00fcrosu\",\"description\":\"Hukuk G\u00fczel Bir Sanatt\u0131r\",\"publisher\":{\"@id\":\"https:\/\/www.sevim.av.tr\/#organization\"},\"potentialAction\":[{\"@type\":\"SearchAction\",\"target\":{\"@type\":\"EntryPoint\",\"urlTemplate\":\"https:\/\/www.sevim.av.tr\/?s={search_term_string}\"},\"query-input\":{\"@type\":\"PropertyValueSpecification\",\"valueRequired\":true,\"valueName\":\"search_term_string\"}}],\"inLanguage\":\"en-US\"},{\"@type\":\"Organization\",\"@id\":\"https:\/\/www.sevim.av.tr\/#organization\",\"name\":\"Sevim Hukuk B\u00fcrosu\",\"url\":\"https:\/\/www.sevim.av.tr\/\",\"logo\":{\"@type\":\"ImageObject\",\"inLanguage\":\"en-US\",\"@id\":\"https:\/\/www.sevim.av.tr\/#\/schema\/logo\/image\/\",\"url\":\"http:\/\/www.sevim.av.tr\/wp-content\/uploads\/2020\/07\/kjkjkj.png\",\"contentUrl\":\"http:\/\/www.sevim.av.tr\/wp-content\/uploads\/2020\/07\/kjkjkj.png\",\"width\":1000,\"height\":1000,\"caption\":\"Sevim Hukuk B\u00fcrosu\"},\"image\":{\"@id\":\"https:\/\/www.sevim.av.tr\/#\/schema\/logo\/image\/\"}}]}<\/script>\n<!-- \/ Yoast SEO plugin. -->","yoast_head_json":{"title":"Ticaret Hukuku - Sevim Hukuk B\u00fcrosu","robots":{"index":"index","follow":"follow","max-snippet":"max-snippet:-1","max-image-preview":"max-image-preview:large","max-video-preview":"max-video-preview:-1"},"canonical":"https:\/\/www.sevim.av.tr\/en\/hizmetler\/ticaret-hukuku\/","og_locale":"en_US","og_type":"article","og_title":"Ticaret Hukuku - Sevim Hukuk B\u00fcrosu","og_url":"https:\/\/www.sevim.av.tr\/en\/hizmetler\/ticaret-hukuku\/","og_site_name":"Sevim Hukuk B\u00fcrosu","article_modified_time":"2020-10-15T10:51:00+00:00","twitter_card":"summary_large_image","twitter_misc":{"Est. reading time":"3 minutes"},"schema":{"@context":"https:\/\/schema.org","@graph":[{"@type":"WebPage","@id":"https:\/\/www.sevim.av.tr\/hizmetler\/ticaret-hukuku\/","url":"https:\/\/www.sevim.av.tr\/hizmetler\/ticaret-hukuku\/","name":"Ticaret Hukuku - Sevim Hukuk B\u00fcrosu","isPartOf":{"@id":"https:\/\/www.sevim.av.tr\/#website"},"datePublished":"2020-10-15T10:48:28+00:00","dateModified":"2020-10-15T10:51:00+00:00","breadcrumb":{"@id":"https:\/\/www.sevim.av.tr\/hizmetler\/ticaret-hukuku\/#breadcrumb"},"inLanguage":"en-US","potentialAction":[{"@type":"ReadAction","target":["https:\/\/www.sevim.av.tr\/hizmetler\/ticaret-hukuku\/"]}]},{"@type":"BreadcrumbList","@id":"https:\/\/www.sevim.av.tr\/hizmetler\/ticaret-hukuku\/#breadcrumb","itemListElement":[{"@type":"ListItem","position":1,"name":"Anasayfa","item":"https:\/\/www.sevim.av.tr\/"},{"@type":"ListItem","position":2,"name":"Hizmetler","item":"https:\/\/www.sevim.av.tr\/hizmetler\/"},{"@type":"ListItem","position":3,"name":"Ticaret Hukuku"}]},{"@type":"WebSite","@id":"https:\/\/www.sevim.av.tr\/#website","url":"https:\/\/www.sevim.av.tr\/","name":"Sevim Law Office","description":"Hukuk G\u00fczel Bir Sanatt\u0131r","publisher":{"@id":"https:\/\/www.sevim.av.tr\/#organization"},"potentialAction":[{"@type":"SearchAction","target":{"@type":"EntryPoint","urlTemplate":"https:\/\/www.sevim.av.tr\/?s={search_term_string}"},"query-input":{"@type":"PropertyValueSpecification","valueRequired":true,"valueName":"search_term_string"}}],"inLanguage":"en-US"},{"@type":"Organization","@id":"https:\/\/www.sevim.av.tr\/#organization","name":"Sevim Law Office","url":"https:\/\/www.sevim.av.tr\/","logo":{"@type":"ImageObject","inLanguage":"en-US","@id":"https:\/\/www.sevim.av.tr\/#\/schema\/logo\/image\/","url":"http:\/\/www.sevim.av.tr\/wp-content\/uploads\/2020\/07\/kjkjkj.png","contentUrl":"http:\/\/www.sevim.av.tr\/wp-content\/uploads\/2020\/07\/kjkjkj.png","width":1000,"height":1000,"caption":"Sevim Hukuk B\u00fcrosu"},"image":{"@id":"https:\/\/www.sevim.av.tr\/#\/schema\/logo\/image\/"}}]}},"_links":{"self":[{"href":"https:\/\/www.sevim.av.tr\/en\/wp-json\/wp\/v2\/pages\/4170","targetHints":{"allow":["GET"]}}],"collection":[{"href":"https:\/\/www.sevim.av.tr\/en\/wp-json\/wp\/v2\/pages"}],"about":[{"href":"https:\/\/www.sevim.av.tr\/en\/wp-json\/wp\/v2\/types\/page"}],"author":[{"embeddable":true,"href":"https:\/\/www.sevim.av.tr\/en\/wp-json\/wp\/v2\/users\/1"}],"replies":[{"embeddable":true,"href":"https:\/\/www.sevim.av.tr\/en\/wp-json\/wp\/v2\/comments?post=4170"}],"version-history":[{"count":2,"href":"https:\/\/www.sevim.av.tr\/en\/wp-json\/wp\/v2\/pages\/4170\/revisions"}],"predecessor-version":[{"id":4172,"href":"https:\/\/www.sevim.av.tr\/en\/wp-json\/wp\/v2\/pages\/4170\/revisions\/4172"}],"up":[{"embeddable":true,"href":"https:\/\/www.sevim.av.tr\/en\/wp-json\/wp\/v2\/pages\/2083"}],"wp:attachment":[{"href":"https:\/\/www.sevim.av.tr\/en\/wp-json\/wp\/v2\/media?parent=4170"}],"curies":[{"name":"wp","href":"https:\/\/api.w.org\/{rel}","templated":true}]}}